{"id":10120,"date":"2024-01-30T21:05:38","date_gmt":"2024-01-30T21:05:38","guid":{"rendered":"https:\/\/foskmirrors.com\/de\/?post_type=product&#038;p=10120"},"modified":"2025-11-20T10:25:07","modified_gmt":"2025-11-20T09:25:07","slug":"mobiler-spiegel-weiss-125-m","status":"publish","type":"product","link":"https:\/\/foskmirrors.com\/de\/mobiler-spiegel-weiss-125-m\/","title":{"rendered":"Mobiler Spiegel wei\u00df \u2013 1,25 m"},"content":{"rendered":"<p>Suchen Sie einen praktischen Mobilspiegel? Dann ist dieser die richtige Wahl. Der 1,25 Meter lange Mobilspiegel ist der kleinste der Serie. Er ist 1,93 Meter breit und bietet eine Spiegelfl\u00e4che von 2,1 m\u00b2. Dank seiner kompakten Gr\u00f6\u00dfe, der leichtg\u00e4ngigen Lenkrollen und der hohen Bodenfreiheit l\u00e4sst er sich m\u00fchelos von Ort zu Ort rollen. Einmal aufgestellt, l\u00e4sst er sich dank der beiden Bremsen sicher abstellen. Und wenn Sie ihn verstauen m\u00f6chten, lassen sich dank des durchdachten Designs mehrere Exemplare problemlos zusammenschieben, sodass sie nur wenig Platz beanspruchen.<\/p>\n<h3>Ideal f\u00fcr wechselnde Standorte<\/h3>\n<p>All dies zusammen macht diesen Spiegel sehr gut geeignet f\u00fcr den tempor\u00e4ren Einsatz an wechselnden Standorten, wie zum Beispiel f\u00fcr eine Produktpr\u00e4sentation auf einer Messe oder als Best\u00fcckungsspiegel in einem Pop-up-Store. Auch f\u00fcr (Tanz-)Sport und Physiotherapie ist dieser Spiegel sehr gut geeignet.<\/p>\n<p>FOSK Mobilspiegel: au\u00dfergew\u00f6hnlich flexibel, mobil und sicher in der Anwendung.<\/p>\n<p><a title=\"Laden Sie das Datenblatt zu mobilen Spiegeln herunter\" href=\"https:\/\/foskmirrors.com\/wp-content\/uploads\/2017\/11\/data-125cm.pdf\" target=\"_blank\" rel=\"noopener\">Datenblatt herunterladen<\/a><\/p>\n","protected":false},"excerpt":{"rendered":"<p><span>Dieser mobile Spiegel l\u00e4sst sich leicht von Ort zu Ort transportieren. Ben\u00f6tigen Sie eine gr\u00f6\u00dfere Spiegelwand? Erstellen Sie ganz einfach eine, indem Sie mehrere Spiegel nebeneinander anbringen.<\/span><\/p>\n<p>&nbsp;<\/p>\n","protected":false},"featured_media":10150,"template":"","meta":[],"product_brand":[],"product_cat":[199,124],"product_tag":[],"class_list":{"0":"post-10120","1":"product","2":"type-product","3":"status-publish","4":"has-post-thumbnail","6":"product_cat-alle-spiegel","7":"product_cat-mobile-spiegel","8":"product_shipping_class-spiegel-125-meter","9":"tm-no-options","11":"first","12":"instock","13":"taxable","14":"shipping-taxable","15":"purchasable","16":"product-type-simple"},"acf":[],"_links":{"self":[{"href":"https:\/\/foskmirrors.com\/de\/wp-json\/wp\/v2\/product\/10120","targetHints":{"allow":["GET"]}}],"collection":[{"href":"https:\/\/foskmirrors.com\/de\/wp-json\/wp\/v2\/product"}],"about":[{"href":"https:\/\/foskmirrors.com\/de\/wp-json\/wp\/v2\/types\/product"}],"version-history":[{"count":0,"href":"https:\/\/foskmirrors.com\/de\/wp-json\/wp\/v2\/product\/10120\/revisions"}],"wp:featuredmedia":[{"embeddable":true,"href":"https:\/\/foskmirrors.com\/de\/wp-json\/wp\/v2\/media\/10150"}],"wp:attachment":[{"href":"https:\/\/foskmirrors.com\/de\/wp-json\/wp\/v2\/media?parent=10120"}],"wp:term":[{"taxonomy":"product_brand","embeddable":true,"href":"https:\/\/foskmirrors.com\/de\/wp-json\/wp\/v2\/product_brand?post=10120"},{"taxonomy":"product_cat","embeddable":true,"href":"https:\/\/foskmirrors.com\/de\/wp-json\/wp\/v2\/product_cat?post=10120"},{"taxonomy":"product_tag","embeddable":true,"href":"https:\/\/foskmirrors.com\/de\/wp-json\/wp\/v2\/product_tag?post=10120"}],"curies":[{"name":"wp","href":"https:\/\/api.w.org\/{rel}","templated":true}]}}