{"id":10122,"date":"2024-01-30T21:05:39","date_gmt":"2024-01-30T21:05:39","guid":{"rendered":"https:\/\/foskmirrors.com\/de\/?post_type=product&#038;p=10122"},"modified":"2025-11-20T10:27:52","modified_gmt":"2025-11-20T09:27:52","slug":"mobiler-spiegel-weiss-255-m","status":"publish","type":"product","link":"https:\/\/foskmirrors.com\/de\/mobiler-spiegel-weiss-255-m\/","title":{"rendered":"Mobiler Spiegel wei\u00df \u2013 2,55 m"},"content":{"rendered":"<p><span>Suchen Sie eine gro\u00dfe mobile Spiegelwand in einem St\u00fcck? Dann ist dies Ihre Wahl. Dieser mobile Spiegel ist der gr\u00f6\u00dfte ohne Seitent\u00fcren. Der Spiegel ist 2,55 Meter breit und 1,93 Meter hoch, was eine Spiegelwand von 4,3 m\u00b2 ergibt. Dank der leichtg\u00e4ngigen Lenkrollen und der hohen Bodenfreiheit k\u00f6nnen Sie ihn problemlos von Ort zu Ort rollen. Einmal aufgestellt, k\u00f6nnen Sie ihn dank der beiden Bremsen sicher abstellen. Und wenn Sie ihn verstauen m\u00f6chten, k\u00f6nnen Sie dank des durchdachten Designs mehrere Exemplare problemlos zusammenschieben, sodass sie nur wenig Platz beanspruchen.<\/span><\/p>\n<h3><span>Ideal f\u00fcr den tempor\u00e4ren Einsatz<\/span><\/h3>\n<p><span>All dies zusammen macht diesen Spiegel zu einem wertvollen Werkzeug, wenn Sie einen Spiegel vor\u00fcbergehend verwenden und ihn dann wieder wegr\u00e4umen m\u00f6chten. Ist ein Spiegel unpraktisch, weil Sie einen Standort mit anderen Benutzern teilen? Oder ist eine feste Spiegelwand nicht m\u00f6glich? Dann ist dies eine hervorragende L\u00f6sung.<\/span><\/p>\n<p><span>FOSK Mobilspiegel: au\u00dfergew\u00f6hnlich flexibel, mobil und sicher in der Anwendung.<\/span><\/p>\n<p><a title=\"Laden Sie das Datenblatt zu mobilen Spiegeln herunter\" href=\"https:\/\/foskmirrors.com\/wp-content\/uploads\/2017\/11\/data-255cm.pdf\" target=\"_blank\" rel=\"noopener\"><span>Datenblatt herunterladen<\/span><\/a><\/p>\n","protected":false},"excerpt":{"rendered":"<p>Dies ist der gr\u00f6\u00dfte mobile Spiegel mit einer Spiegelwand in einem St\u00fcck. Rollen Sie ihn an die richtige Stelle, sichern Sie ihn mit den Bremsen und Ihre Spiegelwand ist fertig!<\/p>\n","protected":false},"featured_media":10162,"template":"","meta":[],"product_brand":[],"product_cat":[199,124],"product_tag":[],"class_list":{"0":"post-10122","1":"product","2":"type-product","3":"status-publish","4":"has-post-thumbnail","6":"product_cat-alle-spiegel","7":"product_cat-mobile-spiegel","8":"tm-no-options","10":"first","11":"instock","12":"taxable","13":"shipping-taxable","14":"purchasable","15":"product-type-simple"},"acf":[],"_links":{"self":[{"href":"https:\/\/foskmirrors.com\/de\/wp-json\/wp\/v2\/product\/10122","targetHints":{"allow":["GET"]}}],"collection":[{"href":"https:\/\/foskmirrors.com\/de\/wp-json\/wp\/v2\/product"}],"about":[{"href":"https:\/\/foskmirrors.com\/de\/wp-json\/wp\/v2\/types\/product"}],"version-history":[{"count":0,"href":"https:\/\/foskmirrors.com\/de\/wp-json\/wp\/v2\/product\/10122\/revisions"}],"wp:featuredmedia":[{"embeddable":true,"href":"https:\/\/foskmirrors.com\/de\/wp-json\/wp\/v2\/media\/10162"}],"wp:attachment":[{"href":"https:\/\/foskmirrors.com\/de\/wp-json\/wp\/v2\/media?parent=10122"}],"wp:term":[{"taxonomy":"product_brand","embeddable":true,"href":"https:\/\/foskmirrors.com\/de\/wp-json\/wp\/v2\/product_brand?post=10122"},{"taxonomy":"product_cat","embeddable":true,"href":"https:\/\/foskmirrors.com\/de\/wp-json\/wp\/v2\/product_cat?post=10122"},{"taxonomy":"product_tag","embeddable":true,"href":"https:\/\/foskmirrors.com\/de\/wp-json\/wp\/v2\/product_tag?post=10122"}],"curies":[{"name":"wp","href":"https:\/\/api.w.org\/{rel}","templated":true}]}}