{"id":10123,"date":"2024-01-30T21:05:39","date_gmt":"2024-01-30T21:05:39","guid":{"rendered":"https:\/\/foskmirrors.com\/de\/?post_type=product&#038;p=10123"},"modified":"2025-11-20T10:06:43","modified_gmt":"2025-11-20T09:06:43","slug":"mobiler-spiegel-weiss-4-mtr","status":"publish","type":"product","link":"https:\/\/foskmirrors.com\/de\/mobiler-spiegel-weiss-4-mtr\/","title":{"rendered":"Mobiler Spiegel wei\u00df \u2013 4 mtr"},"content":{"rendered":"<p>W\u00fcnschen Sie sich eine gro\u00dfe Spiegelwand, die Sie sicher verstauen und nach Gebrauch wieder verschlie\u00dfen k\u00f6nnen? Dieser mobile Spiegel verf\u00fcgt \u00fcber zwei Seitent\u00fcren. Ausgeklappt ist der Spiegel 4 Meter breit. Bei einer H\u00f6he von 1,93 ergibt sich so eine Spiegelfl\u00e4che von 6,8 m\u00b2. Dank des speziellen Scharniers zwischen den Spiegelteilen f\u00fcgen sich diese nahezu nahtlos ineinander.<\/p>\n<h3>Einfach zu verwenden<\/h3>\n<p>Dank der klappbaren Seitent\u00fcren, der leichtg\u00e4ngigen Lenkrollen und der hohen Bodenfreiheit l\u00e4sst er sich m\u00fchelos von Ort zu Ort rollen. Dort angekommen, l\u00e4sst er sich dank der beiden Bremsen und der ausziehbaren Beine unter den Seitent\u00fcren sicher abstellen. Und wenn Sie ihn verstauen m\u00f6chten, lassen sich dank des durchdachten Designs mehrere Exemplare problemlos zusammenschieben, sodass sie nur wenig Platz beanspruchen. Das ist besonders praktisch in \u00f6ffentlichen Bereichen oder an stark frequentierten Orten wie Veranstaltungshallen.<\/p>\n<h3>Ideal f\u00fcr gemeinsam genutzte Standorte<\/h3>\n<p>All dies zusammen macht diesen Spiegel zu einem wertvollen Werkzeug, wenn Sie einen Spiegel vor\u00fcbergehend verwenden und ihn dann wieder wegr\u00e4umen m\u00f6chten. Ist ein Spiegel unpraktisch, weil Sie einen Standort mit anderen Benutzern teilen? Oder ist eine feste Spiegelwand nicht m\u00f6glich? Dann ist dies eine hervorragende L\u00f6sung.<\/p>\n<p>Die mobilen Spiegel von FOSK: au\u00dfergew\u00f6hnlich flexibel, mobil und sicher in der Anwendung.<br \/>\n<a title=\"Laden Sie das Datenblatt zu mobilen Spiegeln herunter\" href=\"https:\/\/foskmirrors.com\/wp-content\/uploads\/2017\/11\/data-400cm.pdf\" target=\"_blank\" rel=\"noopener\">Datenblatt herunterladen<\/a><\/p>\n","protected":false},"excerpt":{"rendered":"<p>Mit diesem mobilen Spiegel k\u00f6nnen Sie \u00fcberall eine gro\u00dfe Spiegelwand platzieren. Und dank der klappbaren Seitent\u00fcren ist der Spiegel beim Transport optimal gesch\u00fctzt und in der Gr\u00f6\u00dfe begrenzt.<\/p>\n","protected":false},"featured_media":10165,"template":"","meta":[],"product_brand":[],"product_cat":[199,124],"product_tag":[],"class_list":{"0":"post-10123","1":"product","2":"type-product","3":"status-publish","4":"has-post-thumbnail","6":"product_cat-alle-spiegel","7":"product_cat-mobile-spiegel","8":"tm-no-options","10":"first","11":"instock","12":"taxable","13":"shipping-taxable","14":"purchasable","15":"product-type-simple"},"acf":[],"_links":{"self":[{"href":"https:\/\/foskmirrors.com\/de\/wp-json\/wp\/v2\/product\/10123","targetHints":{"allow":["GET"]}}],"collection":[{"href":"https:\/\/foskmirrors.com\/de\/wp-json\/wp\/v2\/product"}],"about":[{"href":"https:\/\/foskmirrors.com\/de\/wp-json\/wp\/v2\/types\/product"}],"version-history":[{"count":0,"href":"https:\/\/foskmirrors.com\/de\/wp-json\/wp\/v2\/product\/10123\/revisions"}],"wp:featuredmedia":[{"embeddable":true,"href":"https:\/\/foskmirrors.com\/de\/wp-json\/wp\/v2\/media\/10165"}],"wp:attachment":[{"href":"https:\/\/foskmirrors.com\/de\/wp-json\/wp\/v2\/media?parent=10123"}],"wp:term":[{"taxonomy":"product_brand","embeddable":true,"href":"https:\/\/foskmirrors.com\/de\/wp-json\/wp\/v2\/product_brand?post=10123"},{"taxonomy":"product_cat","embeddable":true,"href":"https:\/\/foskmirrors.com\/de\/wp-json\/wp\/v2\/product_cat?post=10123"},{"taxonomy":"product_tag","embeddable":true,"href":"https:\/\/foskmirrors.com\/de\/wp-json\/wp\/v2\/product_tag?post=10123"}],"curies":[{"name":"wp","href":"https:\/\/api.w.org\/{rel}","templated":true}]}}