{"id":10125,"date":"2024-01-30T21:05:39","date_gmt":"2024-01-30T21:05:39","guid":{"rendered":"https:\/\/foskmirrors.com\/de\/?post_type=product&#038;p=10125"},"modified":"2025-11-20T10:06:56","modified_gmt":"2025-11-20T09:06:56","slug":"mobiler-spiegel-weiss-5-mtr","status":"publish","type":"product","link":"https:\/\/foskmirrors.com\/de\/mobiler-spiegel-weiss-5-mtr\/","title":{"rendered":"Mobiler Spiegel wei\u00df \u2013 5 mtr"},"content":{"rendered":"<p><span>W\u00fcnschen Sie sich eine gro\u00dfe Spiegelwand, die Sie nach Gebrauch sicher verstauen und wieder verschlie\u00dfen k\u00f6nnen? Dies ist die gr\u00f6\u00dfte Ausf\u00fchrung unseres mobilen Spiegels mit Seitent\u00fcren. Ausgeklappt ist dieser Spiegel 5,08 Meter breit und ergibt bei einer H\u00f6he von 1,93 Metern eine Spiegelfl\u00e4che von 8,6 m\u00b2. Dank des speziellen Scharniers zwischen den Spiegelteilen f\u00fcgen sich diese nahezu nahtlos zusammen.<\/span><\/p>\n<h3><span>Einfach zu verwenden<\/span><\/h3>\n<p><span>Dank der klappbaren Seitent\u00fcren, der leichtg\u00e4ngigen Lenkrollen und der hohen Bodenfreiheit l\u00e4sst er sich m\u00fchelos von Ort zu Ort rollen. Dort angekommen, l\u00e4sst er sich dank der beiden Bremsen und der ausziehbaren Beine unter den Seitent\u00fcren sicher abstellen. Und wenn Sie ihn verstauen m\u00f6chten, lassen sich dank des durchdachten Designs mehrere Exemplare problemlos zusammenschieben, sodass sie nur wenig Platz beanspruchen. Das ist besonders praktisch in \u00f6ffentlichen Bereichen oder an stark frequentierten Orten wie Veranstaltungshallen.<\/span><\/p>\n<h3><span>Ideal f\u00fcr gemeinsam genutzte Standorte<\/span><\/h3>\n<p><span>All dies zusammen macht diesen Spiegel zu einem wertvollen Werkzeug, wenn Sie einen Spiegel vor\u00fcbergehend verwenden und ihn dann wieder wegr\u00e4umen m\u00f6chten. Ist ein Spiegel unpraktisch, weil Sie einen Standort mit anderen Benutzern teilen? Oder ist eine feste Spiegelwand nicht m\u00f6glich? Dann ist dies eine hervorragende L\u00f6sung.<\/span><\/p>\n<p><span>Die mobilen Spiegel von FOSK: au\u00dfergew\u00f6hnlich flexibel, mobil und sicher in der Anwendung.<\/span><br \/>\n<a title=\"Laden Sie das Datenblatt zu mobilen Spiegeln herunter\" href=\"https:\/\/foskmirrors.com\/wp-content\/uploads\/2017\/11\/data-500cm-buis.pdf\" target=\"_blank\" rel=\"noopener\"><span>Datenblatt herunterladen<\/span><\/a><\/p>\n","protected":false},"excerpt":{"rendered":"<p><span>Der gr\u00f6\u00dfte mobile Spiegel in unserem Sortiment \u2013 \u200b\u200bf\u00fcr die ultimative Spiegelwand vor Ort. Dank der eingeklappten Seitent\u00fcren k\u00f6nnen Sie ihn sicher und problemlos zum n\u00e4chsten Standort transportieren.<\/span><\/p>\n","protected":false},"featured_media":10171,"template":"","meta":[],"product_brand":[],"product_cat":[199,124],"product_tag":[],"class_list":{"0":"post-10125","1":"product","2":"type-product","3":"status-publish","4":"has-post-thumbnail","6":"product_cat-alle-spiegel","7":"product_cat-mobile-spiegel","8":"tm-no-options","10":"first","11":"instock","12":"taxable","13":"shipping-taxable","14":"purchasable","15":"product-type-simple"},"acf":[],"_links":{"self":[{"href":"https:\/\/foskmirrors.com\/de\/wp-json\/wp\/v2\/product\/10125","targetHints":{"allow":["GET"]}}],"collection":[{"href":"https:\/\/foskmirrors.com\/de\/wp-json\/wp\/v2\/product"}],"about":[{"href":"https:\/\/foskmirrors.com\/de\/wp-json\/wp\/v2\/types\/product"}],"version-history":[{"count":0,"href":"https:\/\/foskmirrors.com\/de\/wp-json\/wp\/v2\/product\/10125\/revisions"}],"wp:featuredmedia":[{"embeddable":true,"href":"https:\/\/foskmirrors.com\/de\/wp-json\/wp\/v2\/media\/10171"}],"wp:attachment":[{"href":"https:\/\/foskmirrors.com\/de\/wp-json\/wp\/v2\/media?parent=10125"}],"wp:term":[{"taxonomy":"product_brand","embeddable":true,"href":"https:\/\/foskmirrors.com\/de\/wp-json\/wp\/v2\/product_brand?post=10125"},{"taxonomy":"product_cat","embeddable":true,"href":"https:\/\/foskmirrors.com\/de\/wp-json\/wp\/v2\/product_cat?post=10125"},{"taxonomy":"product_tag","embeddable":true,"href":"https:\/\/foskmirrors.com\/de\/wp-json\/wp\/v2\/product_tag?post=10125"}],"curies":[{"name":"wp","href":"https:\/\/api.w.org\/{rel}","templated":true}]}}