{"id":10126,"date":"2024-01-30T21:05:39","date_gmt":"2024-01-30T21:05:39","guid":{"rendered":"https:\/\/foskmirrors.com\/de\/?post_type=product&#038;p=10126"},"modified":"2025-12-10T21:08:06","modified_gmt":"2025-12-10T20:08:06","slug":"ballettspiegelwand-mit-sicherheitsfolie-und-doppelter-ballettstange","status":"publish","type":"product","link":"https:\/\/foskmirrors.com\/de\/ballettspiegelwand-mit-sicherheitsfolie-und-doppelter-ballettstange\/","title":{"rendered":"Ballettspiegelwand mit Sicherheitsfolie und doppelter Ballettstange"},"content":{"rendered":"<p>Verwandeln Sie Ihren Raum in ein professionelles Ballettstudio mit dieser Ballettspiegelwand von FOSK Mirrors. Die Spiegelwand wurde speziell f\u00fcr den Ballettgebrauch entwickelt und verf\u00fcgt in jedem Spiegelelement \u00fcber eine Aussparung. Dadurch k\u00f6nnen Sie die doppelte Ballettstange mithilfe einer Wandhalterung einfach montieren. Die Barre ist vollst\u00e4ndig in die Spiegelwand integriert, was sowohl eine elegante Optik als auch optimale Unterst\u00fctzung f\u00fcr Ihre \u00dcbungen bietet.<\/p>\n<h3>Ma\u00dfanfertigung m\u00f6glich<\/h3>\n<p>M\u00f6chten Sie eine extra lange Spiegelwand mit doppelter Ballettstange? Kein Problem. Kombinieren Sie mehrere Spiegelelemente und Barre-Segmente miteinander, bis Sie genau die L\u00e4nge erreichen, die Sie ben\u00f6tigen. So entsteht ein Ballettspiegel, der perfekt zu Ihren W\u00fcnschen und r\u00e4umlichen M\u00f6glichkeiten passt.<\/p>\n<h3>Sicherheit<\/h3>\n<p>Bei FOSK Mirrors steht Sicherheit an erster Stelle. Daher sind alle unsere Ballettspiegel standardm\u00e4\u00dfig mit einer speziellen Sicherheitsfolie auf der R\u00fcckseite versehen. Sollte der Spiegel einmal brechen, h\u00e4lt die Folie die Scherben zusammen und verhindert, dass sie von der Wand absplittern. So k\u00f6nnen Sie unbesorgt trainieren und sich voll auf Ihre \u00dcbungen konzentrieren.<\/p>\n","protected":false},"excerpt":{"rendered":"<p>Vervollst\u00e4ndigen Sie Ihr Studio mit den doppelten Ballettstangen von FOSK. F\u00fcr zus\u00e4tzliche Sicherheit ist der Ballettspiegel mit einer speziellen Sicherheitsfolie ausgestattet, die bei Bruch das Wegspritzen von Glasscherben verhindert.<\/p>\n","protected":false},"featured_media":10174,"template":"","meta":[],"product_brand":[],"product_cat":[126,212],"product_tag":[],"class_list":{"0":"post-10126","1":"product","2":"type-product","3":"status-publish","4":"has-post-thumbnail","6":"product_cat-ballettspiegelwand","7":"product_cat-spiegelwand","8":"tm-no-options","10":"first","11":"instock","12":"taxable","13":"shipping-taxable","14":"purchasable","15":"product-type-variable"},"acf":[],"_links":{"self":[{"href":"https:\/\/foskmirrors.com\/de\/wp-json\/wp\/v2\/product\/10126","targetHints":{"allow":["GET"]}}],"collection":[{"href":"https:\/\/foskmirrors.com\/de\/wp-json\/wp\/v2\/product"}],"about":[{"href":"https:\/\/foskmirrors.com\/de\/wp-json\/wp\/v2\/types\/product"}],"version-history":[{"count":0,"href":"https:\/\/foskmirrors.com\/de\/wp-json\/wp\/v2\/product\/10126\/revisions"}],"wp:featuredmedia":[{"embeddable":true,"href":"https:\/\/foskmirrors.com\/de\/wp-json\/wp\/v2\/media\/10174"}],"wp:attachment":[{"href":"https:\/\/foskmirrors.com\/de\/wp-json\/wp\/v2\/media?parent=10126"}],"wp:term":[{"taxonomy":"product_brand","embeddable":true,"href":"https:\/\/foskmirrors.com\/de\/wp-json\/wp\/v2\/product_brand?post=10126"},{"taxonomy":"product_cat","embeddable":true,"href":"https:\/\/foskmirrors.com\/de\/wp-json\/wp\/v2\/product_cat?post=10126"},{"taxonomy":"product_tag","embeddable":true,"href":"https:\/\/foskmirrors.com\/de\/wp-json\/wp\/v2\/product_tag?post=10126"}],"curies":[{"name":"wp","href":"https:\/\/api.w.org\/{rel}","templated":true}]}}