{"id":10187,"date":"2024-01-30T21:05:58","date_gmt":"2024-01-30T21:05:58","guid":{"rendered":"https:\/\/foskmirrors.com\/de\/?post_type=product&#038;p=10187"},"modified":"2025-12-10T16:58:57","modified_gmt":"2025-12-10T15:58:57","slug":"wandhalterung-fuer-doppelte-ballettstange","status":"publish","type":"product","link":"https:\/\/foskmirrors.com\/de\/wandhalterung-fuer-doppelte-ballettstange\/","title":{"rendered":"Wandhalterung f\u00fcr doppelte Ballettstange"},"content":{"rendered":"<p>M\u00f6chten Sie nur eine Ballettstange? Auch das ist m\u00f6glich. Die Standard-Wandhalterungen von FOSK k\u00f6nnen zusammen mit zwei Eschenholz-Latten an jeder gew\u00fcnschten Wand und in jeder gew\u00fcnschten L\u00e4nge montiert werden. Die Halterungen sind elektrolytisch verzinkt, k\u00f6nnen jedoch auf Wunsch ohne zus\u00e4tzliche Kosten in einer anderen Farbe geliefert werden.<\/p>\n","protected":false},"excerpt":{"rendered":"<p>M\u00f6chten Sie nur eine doppelte Ballettstange, die Sie selbst montieren k\u00f6nnen? Auch das ist selbstverst\u00e4ndlich m\u00f6glich.<\/p>\n","protected":false},"featured_media":10177,"template":"","meta":[],"product_brand":[],"product_cat":[126,209,172],"product_tag":[],"class_list":{"0":"post-10187","1":"product","2":"type-product","3":"status-publish","4":"has-post-thumbnail","6":"product_cat-ballettspiegelwand","7":"product_cat-ballettstange","8":"product_cat-zubehoer","9":"tm-no-options","11":"first","12":"instock","13":"taxable","14":"shipping-taxable","15":"purchasable","16":"product-type-simple"},"acf":[],"_links":{"self":[{"href":"https:\/\/foskmirrors.com\/de\/wp-json\/wp\/v2\/product\/10187","targetHints":{"allow":["GET"]}}],"collection":[{"href":"https:\/\/foskmirrors.com\/de\/wp-json\/wp\/v2\/product"}],"about":[{"href":"https:\/\/foskmirrors.com\/de\/wp-json\/wp\/v2\/types\/product"}],"version-history":[{"count":0,"href":"https:\/\/foskmirrors.com\/de\/wp-json\/wp\/v2\/product\/10187\/revisions"}],"wp:featuredmedia":[{"embeddable":true,"href":"https:\/\/foskmirrors.com\/de\/wp-json\/wp\/v2\/media\/10177"}],"wp:attachment":[{"href":"https:\/\/foskmirrors.com\/de\/wp-json\/wp\/v2\/media?parent=10187"}],"wp:term":[{"taxonomy":"product_brand","embeddable":true,"href":"https:\/\/foskmirrors.com\/de\/wp-json\/wp\/v2\/product_brand?post=10187"},{"taxonomy":"product_cat","embeddable":true,"href":"https:\/\/foskmirrors.com\/de\/wp-json\/wp\/v2\/product_cat?post=10187"},{"taxonomy":"product_tag","embeddable":true,"href":"https:\/\/foskmirrors.com\/de\/wp-json\/wp\/v2\/product_tag?post=10187"}],"curies":[{"name":"wp","href":"https:\/\/api.w.org\/{rel}","templated":true}]}}