{"id":10190,"date":"2024-01-30T21:05:58","date_gmt":"2024-01-30T21:05:58","guid":{"rendered":"https:\/\/foskmirrors.com\/de\/?post_type=product&#038;p=10190"},"modified":"2025-12-11T10:09:13","modified_gmt":"2025-12-11T09:09:13","slug":"ersatzrad-ohne-bremse-fuer-mobile-spiegelwand","status":"publish","type":"product","link":"https:\/\/foskmirrors.com\/de\/ersatzrad-ohne-bremse-fuer-mobile-spiegelwand\/","title":{"rendered":"Ersatzrad ohne Bremse f\u00fcr mobile Spiegelwand"},"content":{"rendered":"<p>Durch Verschlei\u00df oder ein Missgeschick k\u00f6nnen die R\u00e4der Ihrer mobilen Spiegelwand ausgetauscht werden m\u00fcssen. Bei FOSK bestellen Sie ganz einfach so viele neue R\u00e4der, wie Sie ben\u00f6tigen \u2013 mit oder ohne Bremse.<\/p>\n<h3>Spurenfrei und leichtg\u00e4ngig<\/h3>\n<p>Dieses spurenfreie Schwenkrad ohne Bremse wird an der R\u00fcckseite unserer mobilen Spiegelw\u00e4nde sowie an den ausklappbaren Seitenteilen verwendet. Um das alte Rad zu ersetzen, drehen Sie es einfach heraus und schrauben das neue Rad an den Fu\u00df Ihres Spiegels. Das geht genauso leicht wie das Rad selbst l\u00e4uft!<\/p>\n<p>FOSK The Mirror Company: alles f\u00fcr langfristige Nutzung und Freude.<\/p>\n\t\t\t<link rel=\"stylesheet\" id=\"elementor-post-13038-css\" href=\"https:\/\/foskmirrors.com\/de\/wp-content\/uploads\/elementor\/css\/post-13038.css?ver=1768570552\" type=\"text\/css\" media=\"all\">\n\t\t\t\t\t<div data-elementor-type=\"wp-post\" data-elementor-id=\"13038\" class=\"elementor elementor-13038\" data-elementor-post-type=\"cms_block\">\n\t\t\t\t<div class=\"wd-negative-gap elementor-element elementor-element-e057f87 e-flex e-con-boxed e-con e-parent\" data-id=\"e057f87\" data-element_type=\"container\">\n\t\t\t\t\t<div class=\"e-con-inner\">\n\t\t\t\t\t<\/div>\n\t\t\t\t<\/div>\n\t\t\t\t<\/div>\n\t\t\n","protected":false},"excerpt":{"rendered":"<p>Ein spurenfreies Schwenkrad ohne Bremse f\u00fcr unsere mobilen Spiegelw\u00e4nde. Hergestellt aus hochwertigem Kunststoff, mit M12-Befestigung.<\/p>\n","protected":false},"featured_media":10224,"template":"","meta":[],"product_brand":[],"product_cat":[172],"product_tag":[],"class_list":{"0":"post-10190","1":"product","2":"type-product","3":"status-publish","4":"has-post-thumbnail","6":"product_cat-zubehoer","7":"tm-no-options","9":"first","10":"instock","11":"taxable","12":"shipping-taxable","13":"purchasable","14":"product-type-simple"},"acf":[],"_links":{"self":[{"href":"https:\/\/foskmirrors.com\/de\/wp-json\/wp\/v2\/product\/10190","targetHints":{"allow":["GET"]}}],"collection":[{"href":"https:\/\/foskmirrors.com\/de\/wp-json\/wp\/v2\/product"}],"about":[{"href":"https:\/\/foskmirrors.com\/de\/wp-json\/wp\/v2\/types\/product"}],"version-history":[{"count":0,"href":"https:\/\/foskmirrors.com\/de\/wp-json\/wp\/v2\/product\/10190\/revisions"}],"wp:featuredmedia":[{"embeddable":true,"href":"https:\/\/foskmirrors.com\/de\/wp-json\/wp\/v2\/media\/10224"}],"wp:attachment":[{"href":"https:\/\/foskmirrors.com\/de\/wp-json\/wp\/v2\/media?parent=10190"}],"wp:term":[{"taxonomy":"product_brand","embeddable":true,"href":"https:\/\/foskmirrors.com\/de\/wp-json\/wp\/v2\/product_brand?post=10190"},{"taxonomy":"product_cat","embeddable":true,"href":"https:\/\/foskmirrors.com\/de\/wp-json\/wp\/v2\/product_cat?post=10190"},{"taxonomy":"product_tag","embeddable":true,"href":"https:\/\/foskmirrors.com\/de\/wp-json\/wp\/v2\/product_tag?post=10190"}],"curies":[{"name":"wp","href":"https:\/\/api.w.org\/{rel}","templated":true}]}}