{"id":10191,"date":"2024-01-30T21:05:58","date_gmt":"2024-01-30T21:05:58","guid":{"rendered":"https:\/\/foskmirrors.com\/de\/?post_type=product&#038;p=10191"},"modified":"2025-12-11T10:19:47","modified_gmt":"2025-12-11T09:19:47","slug":"ersatzrad-mit-bremse-fuer-mobile-spiegelwand","status":"publish","type":"product","link":"https:\/\/foskmirrors.com\/de\/ersatzrad-mit-bremse-fuer-mobile-spiegelwand\/","title":{"rendered":"Ersatzrad mit Bremse f\u00fcr mobile Spiegelwand"},"content":{"rendered":"<p>Durch Verschlei\u00df oder ein Missgeschick k\u00f6nnen die R\u00e4der Ihrer mobilen Spiegelwand ausgetauscht werden m\u00fcssen. Bei FOSK bestellen Sie einfach so viele neue R\u00e4der, wie Sie ben\u00f6tigen, mit oder ohne Bremse.<\/p>\n<h3>Spurenfrei und leichtg\u00e4ngig<\/h3>\n<p>Dieses spurenfreie Schwenkrad mit Bremse wird an der Vorderseite unserer mobilen Spiegelw\u00e4nde eingesetzt, wo zus\u00e4tzliche Stabilit\u00e4t erforderlich ist. Um das alte Rad zu ersetzen, drehen Sie es heraus und schrauben Sie das neue Rad am Fu\u00df Ihres Spiegels fest. Das geht ebenso m\u00fchelos wie das Rad selbst l\u00e4uft.<\/p>\n<p>FOSK The Mirror Company: alles f\u00fcr langfristige Nutzung und Freude.<br \/>\n\t\t\t<link rel=\"stylesheet\" id=\"elementor-post-13038-css\" href=\"https:\/\/foskmirrors.com\/de\/wp-content\/uploads\/elementor\/css\/post-13038.css?ver=1768570552\" type=\"text\/css\" media=\"all\">\n\t\t\t\t\t<div data-elementor-type=\"wp-post\" data-elementor-id=\"13038\" class=\"elementor elementor-13038\" data-elementor-post-type=\"cms_block\">\n\t\t\t\t<div class=\"wd-negative-gap elementor-element elementor-element-e057f87 e-flex e-con-boxed e-con e-parent\" data-id=\"e057f87\" data-element_type=\"container\">\n\t\t\t\t\t<div class=\"e-con-inner\">\n\t\t\t\t\t<\/div>\n\t\t\t\t<\/div>\n\t\t\t\t<\/div>\n\t\t<\/p>\n","protected":false},"excerpt":{"rendered":"<p>Ein spurenfreies Schwenkrad mit Bremse f\u00fcr unsere mobilen Spiegelw\u00e4nde. Hergestellt aus langlebigem Kunststoff, mit M12-Befestigung.<\/p>\n","protected":false},"featured_media":10226,"template":"","meta":[],"product_brand":[],"product_cat":[172],"product_tag":[],"class_list":{"0":"post-10191","1":"product","2":"type-product","3":"status-publish","4":"has-post-thumbnail","6":"product_cat-zubehoer","7":"tm-no-options","9":"first","10":"instock","11":"taxable","12":"shipping-taxable","13":"purchasable","14":"product-type-simple"},"acf":[],"_links":{"self":[{"href":"https:\/\/foskmirrors.com\/de\/wp-json\/wp\/v2\/product\/10191","targetHints":{"allow":["GET"]}}],"collection":[{"href":"https:\/\/foskmirrors.com\/de\/wp-json\/wp\/v2\/product"}],"about":[{"href":"https:\/\/foskmirrors.com\/de\/wp-json\/wp\/v2\/types\/product"}],"version-history":[{"count":0,"href":"https:\/\/foskmirrors.com\/de\/wp-json\/wp\/v2\/product\/10191\/revisions"}],"wp:featuredmedia":[{"embeddable":true,"href":"https:\/\/foskmirrors.com\/de\/wp-json\/wp\/v2\/media\/10226"}],"wp:attachment":[{"href":"https:\/\/foskmirrors.com\/de\/wp-json\/wp\/v2\/media?parent=10191"}],"wp:term":[{"taxonomy":"product_brand","embeddable":true,"href":"https:\/\/foskmirrors.com\/de\/wp-json\/wp\/v2\/product_brand?post=10191"},{"taxonomy":"product_cat","embeddable":true,"href":"https:\/\/foskmirrors.com\/de\/wp-json\/wp\/v2\/product_cat?post=10191"},{"taxonomy":"product_tag","embeddable":true,"href":"https:\/\/foskmirrors.com\/de\/wp-json\/wp\/v2\/product_tag?post=10191"}],"curies":[{"name":"wp","href":"https:\/\/api.w.org\/{rel}","templated":true}]}}