{"id":10198,"date":"2024-01-30T21:05:59","date_gmt":"2024-01-30T21:05:59","guid":{"rendered":"https:\/\/foskmirrors.com\/de\/?post_type=product&#038;p=10198"},"modified":"2025-07-07T15:48:15","modified_gmt":"2025-07-07T14:48:15","slug":"klappspiegelwand-weiss-255m-4m-oder-5m","status":"publish","type":"product","link":"https:\/\/foskmirrors.com\/de\/klappspiegelwand-weiss-255m-4m-oder-5m\/","title":{"rendered":"Klappspiegelwand wei\u00df \u2013 2,55m, 4m oder 5m"},"content":{"rendered":"<p>Diese feststehende Spiegelwand besteht aus einem Mittelteil und zwei Seitenteilen. Das spezielle Scharnier sorgt daf\u00fcr, dass die Spiegelteile nahezu nahtlos ineinander greifen. Dadurch kommt es zu kaum Verzerrungen.<\/p>\n<p>Der gr\u00f6\u00dfte Spiegel ist im ausgeklappten Zustand 1,93 Meter hoch und 5,00 Meter breit. Das ergibt eine Spiegelfl\u00e4che von 8,6 m\u00b2! Dank dieser gro\u00dfen Fl\u00e4che eignet sich dieser Spiegel ideal f\u00fcr Sport oder Aktivit\u00e4ten mit gr\u00f6\u00dferen Gruppen. Und nach der Ballett- oder Tanzstunde k\u00f6nnen Sie den Spiegel einfach zusammenklappen und mit einem Vorh\u00e4ngeschloss verschlie\u00dfen, damit er nicht besch\u00e4digt wird.<\/p>\n<p>Der Spiegel ist auf eine R\u00fcckplatte geklebt, was ihn besonders sicher macht. Die Platte verleiht dem Spiegel eine h\u00f6here Sto\u00dfd\u00e4mpfung und der Kleber verhindert, dass Splitter herumfliegen, falls der Spiegel zerbricht. Der Spiegel kann auch mit einer Sicherheitsfolie auf der Vorderseite versehen und mit einem (Roll-)Vorhang leicht verdeckt werden. Auch das k\u00f6nnen wir gerne \u00fcbernehmen.<\/p>\n<h4>FOSK Mirrors steht f\u00fcr Qualit\u00e4t und bietet daher standardm\u00e4\u00dfig eine 5-Jahres-Garantie. Alle Spiegel werden von uns in den Niederlanden produziert, sind T\u00dcV-zertifiziert und 100 % sicher. Treffen Sie also die beste Wahl und bestellen Sie bequem online!<\/h4>\n","protected":false},"excerpt":{"rendered":"<p>Dieser klappbare Wandspiegel ist eine hervorragende Kombination aus Sicherheit, Spiegelfl\u00e4che und Investition. Sie werden zweifellos jahrelang Freude daran haben! FOSK Mirrors steht f\u00fcr Qualit\u00e4t und bietet daher standardm\u00e4\u00dfig eine 5-j\u00e4hrige Garantie.<\/p>\n","protected":false},"featured_media":10254,"template":"","meta":[],"product_brand":[],"product_cat":[199,126,176,198],"product_tag":[],"class_list":{"0":"post-10198","1":"product","2":"type-product","3":"status-publish","4":"has-post-thumbnail","6":"product_cat-alle-spiegel","7":"product_cat-ballettspiegelwand","8":"product_cat-fitnessspiegel","9":"product_cat-klappbare-spiegelwand","10":"tm-no-options","12":"first","13":"instock","14":"taxable","15":"shipping-taxable","16":"purchasable","17":"product-type-variable"},"acf":[],"_links":{"self":[{"href":"https:\/\/foskmirrors.com\/de\/wp-json\/wp\/v2\/product\/10198","targetHints":{"allow":["GET"]}}],"collection":[{"href":"https:\/\/foskmirrors.com\/de\/wp-json\/wp\/v2\/product"}],"about":[{"href":"https:\/\/foskmirrors.com\/de\/wp-json\/wp\/v2\/types\/product"}],"version-history":[{"count":0,"href":"https:\/\/foskmirrors.com\/de\/wp-json\/wp\/v2\/product\/10198\/revisions"}],"wp:featuredmedia":[{"embeddable":true,"href":"https:\/\/foskmirrors.com\/de\/wp-json\/wp\/v2\/media\/10254"}],"wp:attachment":[{"href":"https:\/\/foskmirrors.com\/de\/wp-json\/wp\/v2\/media?parent=10198"}],"wp:term":[{"taxonomy":"product_brand","embeddable":true,"href":"https:\/\/foskmirrors.com\/de\/wp-json\/wp\/v2\/product_brand?post=10198"},{"taxonomy":"product_cat","embeddable":true,"href":"https:\/\/foskmirrors.com\/de\/wp-json\/wp\/v2\/product_cat?post=10198"},{"taxonomy":"product_tag","embeddable":true,"href":"https:\/\/foskmirrors.com\/de\/wp-json\/wp\/v2\/product_tag?post=10198"}],"curies":[{"name":"wp","href":"https:\/\/api.w.org\/{rel}","templated":true}]}}