{"id":10202,"date":"2025-03-05T16:10:18","date_gmt":"2025-03-05T15:10:18","guid":{"rendered":"https:\/\/foskmirrors.com\/de\/?post_type=product&#038;p=10202"},"modified":"2025-07-07T15:51:01","modified_gmt":"2025-07-07T14:51:01","slug":"reithallenspiegel-easy-fix-supersafe-510","status":"publish","type":"product","link":"https:\/\/foskmirrors.com\/de\/reithallenspiegel-easy-fix-supersafe-510\/","title":{"rendered":"Reithallenspiegel &#8211; Easy Fix Supersafe 510"},"content":{"rendered":"<h2>Der gr\u00f6\u00dfte Reithallenspiegel aus einem St\u00fcck<\/h2>\n<p>Suchen Sie einen besonders gro\u00dfen Reithallenspiegel f\u00fcr Ihre Reithalle oder Manege? Dann ist dieser Spiegel genau das Richtige f\u00fcr Sie. Mit einer Breite von <strong>5,10 Metern<\/strong> geh\u00f6rt er zu den gr\u00f6\u00dften Modellen auf dem Markt.<\/p>\n<p>Dank seiner Gr\u00f6\u00dfe erm\u00f6glicht dieser Spiegel eine klare Sicht auf sich selbst und Ihr Pferd \u00fcber eine lange Distanz. So k\u00f6nnen Sie gezielt an Ihrer Haltung und den Bewegungsabl\u00e4ufen arbeiten. Es wird viel einfacher und motivierender, Ihre Leistung zu verbessern, wenn Sie genau sehen k\u00f6nnen, woran Sie arbeiten m\u00fcssen und wann eine Technik den gew\u00fcnschten Effekt erzielt! Genau das macht einen Reitspiegel zu einem wertvollen Hilfsmittel im Reitsport.<\/p>\n<p>Suchen Sie einen Spiegel, der sich perfekt f\u00fcr das Hufschlagtraining eignet? Dann empfehlen wir den <a href=\"\/de\/reitspiegel-hufschlag-easy-fix-supersafe-160\/\">Supersafe\u00ae Easy Fix 160<\/a>.<\/p>\n<h3>T\u00dcV-zertifiziert<\/h3>\n<p>Jeder <strong>Easy Fix Reitspiegel<\/strong> wird in unserer Werkstatt vollst\u00e4ndig vormontiert. Sie m\u00fcssen ihn nur noch anbringen. Der Spiegel ist auf eine Hartschaumplatte geklebt und in einem stabilen Aluminiumrahmen montiert. Dadurch ist er besonders sicher \u2013 das best\u00e4tigt auch das <strong>T\u00dcV-Zertifikat<\/strong>.<\/p>\n<p>Die <strong>Easy Fix Reitspiegel<\/strong> von <strong>FOSK<\/strong> sind ein wertvolles und sicheres Trainingshilfsmittel \u2013 zu einem fairen Preis.<\/p>\n","protected":false},"excerpt":{"rendered":"<p>Dieser extra gro\u00dfe Reithallenspiegel aus einem St\u00fcck mit Rollosystem ist ein einzigartiges Produkt. Zudem ist er vollst\u00e4ndig vormontiert, einfach selbst zu installieren und zu einem attraktiven Preis erh\u00e4ltlich.<\/p>\n<p><strong><a href=\"https:\/\/foskmirrors.com\/de\/wp-content\/uploads\/2025\/03\/Broschuere-Reithallenspiegel-FOSKmirrors-2025-DE.pdf\">\ud83d\udce5 Unsere Brosch\u00fcre Reitspiegel 2025 herunterladen<\/a><\/strong><br \/>\n&nbsp;<\/p>\n","protected":false},"featured_media":10260,"template":"","meta":[],"product_brand":[],"product_cat":[178,177],"product_tag":[215,214],"class_list":{"0":"post-10202","1":"product","2":"type-product","3":"status-publish","4":"has-post-thumbnail","6":"product_cat-fuer-innen","7":"product_cat-reithallenspiegel","8":"product_tag-easy-fix","9":"product_tag-selbstmontage-paket","10":"tm-no-options","12":"first","13":"instock","14":"taxable","15":"shipping-taxable","16":"purchasable","17":"product-type-simple"},"acf":[],"_links":{"self":[{"href":"https:\/\/foskmirrors.com\/de\/wp-json\/wp\/v2\/product\/10202","targetHints":{"allow":["GET"]}}],"collection":[{"href":"https:\/\/foskmirrors.com\/de\/wp-json\/wp\/v2\/product"}],"about":[{"href":"https:\/\/foskmirrors.com\/de\/wp-json\/wp\/v2\/types\/product"}],"version-history":[{"count":0,"href":"https:\/\/foskmirrors.com\/de\/wp-json\/wp\/v2\/product\/10202\/revisions"}],"wp:featuredmedia":[{"embeddable":true,"href":"https:\/\/foskmirrors.com\/de\/wp-json\/wp\/v2\/media\/10260"}],"wp:attachment":[{"href":"https:\/\/foskmirrors.com\/de\/wp-json\/wp\/v2\/media?parent=10202"}],"wp:term":[{"taxonomy":"product_brand","embeddable":true,"href":"https:\/\/foskmirrors.com\/de\/wp-json\/wp\/v2\/product_brand?post=10202"},{"taxonomy":"product_cat","embeddable":true,"href":"https:\/\/foskmirrors.com\/de\/wp-json\/wp\/v2\/product_cat?post=10202"},{"taxonomy":"product_tag","embeddable":true,"href":"https:\/\/foskmirrors.com\/de\/wp-json\/wp\/v2\/product_tag?post=10202"}],"curies":[{"name":"wp","href":"https:\/\/api.w.org\/{rel}","templated":true}]}}