{"id":10203,"date":"2025-03-05T16:10:18","date_gmt":"2025-03-05T15:10:18","guid":{"rendered":"https:\/\/foskmirrors.com\/de\/?post_type=product&#038;p=10203"},"modified":"2025-07-07T15:52:41","modified_gmt":"2025-07-07T14:52:41","slug":"reithallenspiegel-innen-easy-fix-supersafe-mit-rollosystem","status":"publish","type":"product","link":"https:\/\/foskmirrors.com\/de\/reithallenspiegel-innen-easy-fix-supersafe-mit-rollosystem\/","title":{"rendered":"Reithallenspiegel f\u00fcr Innen &#8211; Easy Fix Supersafe (mit Rollosystem)"},"content":{"rendered":"<h2>Optimieren Sie Ihr Reittraining mit unserem Reithallenspiegel \u2013 Easy Fix Supersafe f\u00fcr den Innenbereich von Fosk Mirrors<\/h2>\n<p>Dieser Reithallenspiegel verf\u00fcgt \u00fcber eine zus\u00e4tzliche Option: ein elektrisches Rollosystem, das bequem per Fernbedienung gesteuert werden kann.<\/p>\n<p>Egal, ob Sie ein professioneller Reiter, Ausbilder oder Pferdeliebhaber sind \u2013 unser hochwertiger Reithallenspiegel ist ein unverzichtbares Hilfsmittel, um Ihr Training auf das n\u00e4chste Level zu heben. Der <strong>Easy Fix Supersafe Reitspiegel<\/strong> wurde mit besonderem Fokus auf Sicherheit und Benutzerfreundlichkeit entwickelt.<\/p>\n<p>Dank des einzigartigen <strong>Easy Fix Montagesystems<\/strong> k\u00f6nnen Sie den Spiegel einfach selbst montieren \u2013 ohne komplizierte Installation oder zus\u00e4tzliche Kosten f\u00fcr einen Fachmann. Dies spart Zeit und Aufwand, sodass Sie sofort mit der Verbesserung Ihrer Reitf\u00e4higkeiten beginnen k\u00f6nnen.<\/p>\n<h3>Maximale Sicherheit<\/h3>\n<p><strong>Sicherheit hat bei uns oberste Priorit\u00e4t.<\/strong> Unser <strong>Easy Fix Supersafe Reitspiegel<\/strong> ist <strong>T\u00dcV-zertifiziert<\/strong> und erf\u00fcllt h\u00f6chste Sicherheitsstandards. Er wurde auf Langlebigkeit und Sto\u00dffestigkeit getestet, sodass Sie mit voller Sicherheit trainieren k\u00f6nnen. Unser Ziel bei <strong>Fosk Mirrors<\/strong> ist es, die beste Qualit\u00e4t und eine kristallklare Reflexion zu bieten.<\/p>\n<p>Unsere Reitspiegel sind so konzipiert, dass sie minimale Verzerrungen aufweisen. Dadurch erhalten Sie ein <strong>genaues und realistisches Bild<\/strong> Ihrer Haltung und Bewegung w\u00e4hrend des Reitens. Dies hilft Ihnen, Ihre Technik zu optimieren und gezielte Anpassungen vorzunehmen, um Ihre Leistung zu steigern.<\/p>\n<h3>3 Jahre Garantie<\/h3>\n<p>Wir sind stolz auf unsere Produkte und bieten Ihnen eine <strong>3-j\u00e4hrige Garantie<\/strong> auf den <strong>Easy Fix Supersafe Reitspiegel<\/strong>. Dies gibt Ihnen die Sicherheit, in ein langlebiges und zuverl\u00e4ssiges Produkt zu investieren.<\/p>\n<p>Als f\u00fchrender Hersteller liefern wir unsere Reithallenspiegel direkt aus unserer eigenen Werkstatt an Kunden in ganz Europa. Egal, ob Sie in Deutschland, den Niederlanden, Belgien oder einem anderen europ\u00e4ischen Land sind \u2013 wir garantieren eine schnelle und zuverl\u00e4ssige Lieferung.<\/p>\n<h3>Warten Sie nicht l\u00e4nger!<\/h3>\n<p>Profitieren Sie von den Vorteilen des <strong>Easy Fix Supersafe Reithallenspiegels f\u00fcr den Innenbereich<\/strong>. Verbessern Sie Ihre Reitf\u00e4higkeiten, steigern Sie Ihre Trainingseffizienz und erzielen Sie bessere Ergebnisse. W\u00e4hlen Sie <strong>Fosk Mirrors<\/strong> \u2013 Ihr zuverl\u00e4ssiger Partner f\u00fcr Qualit\u00e4t, Sicherheit und Leistung.<\/p>\n","protected":false},"excerpt":{"rendered":"<p>Steigern Sie Ihre Trainingseffizienz mit unserem <strong>Reithallenspiegel f\u00fcr den Innenbereich: Easy Fix Supersafe<\/strong>.Mit elektrischem Rollosystem, das bequem per Fernbedienung gesteuert werden kann. Einfach selbst zu montieren, <strong>T\u00dcV-zertifiziert<\/strong> und mit minimaler Verzerrung.<\/p>\n<p><strong><a href=\"https:\/\/foskmirrors.com\/de\/wp-content\/uploads\/2025\/03\/Broschuere-Reithallenspiegel-FOSKmirrors-2025-DE.pdf\">\ud83d\udce5 Unsere Brosch\u00fcre Reitspiegel 2025 herunterladen<\/a><\/strong><\/p>\n","protected":false},"featured_media":10266,"template":"","meta":[],"product_brand":[],"product_cat":[178,177],"product_tag":[215,214],"class_list":{"0":"post-10203","1":"product","2":"type-product","3":"status-publish","4":"has-post-thumbnail","6":"product_cat-fuer-innen","7":"product_cat-reithallenspiegel","8":"product_tag-easy-fix","9":"product_tag-selbstmontage-paket","10":"tm-no-options","12":"first","13":"instock","14":"taxable","15":"shipping-taxable","16":"purchasable","17":"product-type-variable"},"acf":[],"_links":{"self":[{"href":"https:\/\/foskmirrors.com\/de\/wp-json\/wp\/v2\/product\/10203","targetHints":{"allow":["GET"]}}],"collection":[{"href":"https:\/\/foskmirrors.com\/de\/wp-json\/wp\/v2\/product"}],"about":[{"href":"https:\/\/foskmirrors.com\/de\/wp-json\/wp\/v2\/types\/product"}],"version-history":[{"count":0,"href":"https:\/\/foskmirrors.com\/de\/wp-json\/wp\/v2\/product\/10203\/revisions"}],"wp:featuredmedia":[{"embeddable":true,"href":"https:\/\/foskmirrors.com\/de\/wp-json\/wp\/v2\/media\/10266"}],"wp:attachment":[{"href":"https:\/\/foskmirrors.com\/de\/wp-json\/wp\/v2\/media?parent=10203"}],"wp:term":[{"taxonomy":"product_brand","embeddable":true,"href":"https:\/\/foskmirrors.com\/de\/wp-json\/wp\/v2\/product_brand?post=10203"},{"taxonomy":"product_cat","embeddable":true,"href":"https:\/\/foskmirrors.com\/de\/wp-json\/wp\/v2\/product_cat?post=10203"},{"taxonomy":"product_tag","embeddable":true,"href":"https:\/\/foskmirrors.com\/de\/wp-json\/wp\/v2\/product_tag?post=10203"}],"curies":[{"name":"wp","href":"https:\/\/api.w.org\/{rel}","templated":true}]}}