{"id":10207,"date":"2025-03-05T16:10:18","date_gmt":"2025-03-05T15:10:18","guid":{"rendered":"https:\/\/foskmirrors.com\/de\/?post_type=product&#038;p=10207"},"modified":"2025-07-07T15:58:03","modified_gmt":"2025-07-07T14:58:03","slug":"reithallenspiegel-easy-fix-supersafe-295","status":"publish","type":"product","link":"https:\/\/foskmirrors.com\/de\/reithallenspiegel-easy-fix-supersafe-295\/","title":{"rendered":"Reithallenspiegel &#8211; Easy Fix Supersafe 295"},"content":{"rendered":"<h2>Klares Bild von Pferd und Reiter<\/h2>\n<p>Suchen Sie einen <strong>erschwinglichen Reitspiegel<\/strong> oder m\u00f6chten Sie nicht sofort eine gro\u00dfe Spiegelwand anschaffen? Dann ist der <strong>Supersafe\u00ae Easy Fix 295 Reitspiegel f\u00fcr den Innenbereich<\/strong> eine ausgezeichnete Wahl. Er hat eine Breite von <strong>2,95 Metern<\/strong> und eine H\u00f6he von <strong>1,80 Metern<\/strong>. <\/p>\n<p>Mit diesem Spiegel haben Sie jederzeit eine klare Sicht auf sich selbst und Ihr Pferd. So k\u00f6nnen Sie gezielt an Ihrer <strong>Haltung und Bewegung<\/strong> arbeiten. Es wird deutlich einfacher und motivierender, Ihre Reitleistung zu verbessern, wenn Sie genau sehen k\u00f6nnen, woran Sie arbeiten m\u00fcssen und wann sich der gew\u00fcnschte Effekt einstellt! Genau das macht einen Reitspiegel zu einem wertvollen Hilfsmittel im Reitsport.<\/p>\n<p>Suchen Sie einen Spiegel speziell f\u00fcr das Hufschlagtraining? Dann empfehlen wir den <strong>Supersafe\u00ae Easy Fix 160<\/strong>.<\/p>\n<h3>T\u00dcV-zertifiziert<\/h3>\n<p>Jeder <strong>Easy Fix Reitspiegel<\/strong> wird in unserer Werkstatt vollst\u00e4ndig vormontiert. Sie m\u00fcssen ihn nur noch anbringen. Der Spiegel ist auf eine <strong>Hartschaumplatte<\/strong> geklebt und in einem stabilen <strong>Aluminiumrahmen<\/strong> montiert. Dadurch ist er besonders sicher \u2013 das best\u00e4tigt auch das <strong>T\u00dcV-Zertifikat<\/strong>.<\/p>\n<p>Die <strong>Easy Fix Reitspiegel<\/strong> von <strong>FOSK<\/strong> sind ein wertvolles und sicheres Trainingshilfsmittel \u2013 zu einem fairen Preis.<\/p>\n","protected":false},"excerpt":{"rendered":"<p>Mit diesem erschwinglichen Reitplatzspiegel haben Sie eine klare Sicht auf Reiter und Pferd. Er ist vollst\u00e4ndig vormontiert, einfach selbst zu installieren und zu einem attraktiven Preis erh\u00e4ltlich.<\/p>\n<p><strong><a href=\"https:\/\/foskmirrors.com\/de\/wp-content\/uploads\/2025\/03\/Broschuere-Reithallenspiegel-FOSKmirrors-2025-DE.pdf\">\ud83d\udce5 Unsere Brosch\u00fcre Reithallenspiegel 2025 herunterladen<\/a><\/strong><\/p>\n","protected":false},"featured_media":10273,"template":"","meta":[],"product_brand":[],"product_cat":[178,177],"product_tag":[215,214],"class_list":{"0":"post-10207","1":"product","2":"type-product","3":"status-publish","4":"has-post-thumbnail","6":"product_cat-fuer-innen","7":"product_cat-reithallenspiegel","8":"product_tag-easy-fix","9":"product_tag-selbstmontage-paket","10":"tm-no-options","12":"first","13":"instock","14":"taxable","15":"shipping-taxable","16":"purchasable","17":"product-type-simple"},"acf":[],"_links":{"self":[{"href":"https:\/\/foskmirrors.com\/de\/wp-json\/wp\/v2\/product\/10207","targetHints":{"allow":["GET"]}}],"collection":[{"href":"https:\/\/foskmirrors.com\/de\/wp-json\/wp\/v2\/product"}],"about":[{"href":"https:\/\/foskmirrors.com\/de\/wp-json\/wp\/v2\/types\/product"}],"version-history":[{"count":0,"href":"https:\/\/foskmirrors.com\/de\/wp-json\/wp\/v2\/product\/10207\/revisions"}],"wp:featuredmedia":[{"embeddable":true,"href":"https:\/\/foskmirrors.com\/de\/wp-json\/wp\/v2\/media\/10273"}],"wp:attachment":[{"href":"https:\/\/foskmirrors.com\/de\/wp-json\/wp\/v2\/media?parent=10207"}],"wp:term":[{"taxonomy":"product_brand","embeddable":true,"href":"https:\/\/foskmirrors.com\/de\/wp-json\/wp\/v2\/product_brand?post=10207"},{"taxonomy":"product_cat","embeddable":true,"href":"https:\/\/foskmirrors.com\/de\/wp-json\/wp\/v2\/product_cat?post=10207"},{"taxonomy":"product_tag","embeddable":true,"href":"https:\/\/foskmirrors.com\/de\/wp-json\/wp\/v2\/product_tag?post=10207"}],"curies":[{"name":"wp","href":"https:\/\/api.w.org\/{rel}","templated":true}]}}