{"id":10208,"date":"2025-03-05T16:10:18","date_gmt":"2025-03-05T15:10:18","guid":{"rendered":"https:\/\/foskmirrors.com\/de\/?post_type=product&#038;p=10208"},"modified":"2025-07-07T15:55:19","modified_gmt":"2025-07-07T14:55:19","slug":"reithallenspiegel-hufschlag-easy-fix-supersafe-160","status":"publish","type":"product","link":"https:\/\/foskmirrors.com\/de\/reithallenspiegel-hufschlag-easy-fix-supersafe-160\/","title":{"rendered":"Reithallenspiegel f\u00fcr den Hufschlag &#8211; Easy Fix Supersafe 160"},"content":{"rendered":"<h2>Klares Bild von Pferd und Reiter<\/h2>\n<p>Suchen Sie einen Reithallenspiegel f\u00fcr den Hufschlag? Dieser Spiegel wurde genau daf\u00fcr entwickelt. Durch seine H\u00f6he haben Sie \u00fcber eine lange Distanz eine hervorragende Sicht auf sich selbst und Ihr Pferd. So haben Sie gen\u00fcgend Zeit, Ihre Haltung zu \u00fcberpr\u00fcfen und die Bewegungen Ihres Pferdes zu analysieren.<\/p>\n<p>Es wird viel einfacher und angenehmer, Ihre Leistung zu verbessern, wenn Sie genau sehen k\u00f6nnen, woran Sie arbeiten m\u00fcssen und wann eine Technik den gew\u00fcnschten Effekt erzielt! Genau das macht einen Reitspiegel zu einem wertvollen Hilfsmittel im Reitsport.<\/p>\n<h3>T\u00dcV-zertifiziert<\/h3>\n<p>Jeder <strong>Easy Fix Reitspiegel<\/strong> wird in unserer Werkstatt vollst\u00e4ndig vormontiert. Sie m\u00fcssen ihn nur noch anbringen. Der Spiegel ist auf eine Hartschaumplatte geklebt und in einem stabilen Aluminiumrahmen montiert. Dadurch ist er \u00e4u\u00dferst sicher \u2013 das best\u00e4tigt auch das <strong>T\u00dcV-Zertifikat<\/strong>.<\/p>\n<p>Die <strong>Easy Fix Reitspiegel<\/strong> von <strong>FOSK<\/strong> sind ein wertvolles und sicheres Trainingshilfsmittel \u2013 zu einem fairen Preis.<\/p>\n<p>Suchen Sie einen breiten, liegenden Spiegel? Dann empfehlen wir den <strong>Supersafe\u00ae Easy Fix 295<\/strong> oder den noch breiteren <strong>Supersafe\u00ae Easy Fix 410<\/strong>.<\/p>\n","protected":false},"excerpt":{"rendered":"<p>Dieser Reithallenspiegel wurde speziell entwickelt, um eine optimale Sicht auf den Hufschlag zu erm\u00f6glichen. Er ist vollst\u00e4ndig vormontiert, einfach selbst zu installieren und zu einem attraktiven Preis erh\u00e4ltlich.<\/p>\n<p><strong><a href=\"https:\/\/foskmirrors.com\/de\/wp-content\/uploads\/2025\/03\/Broschuere-Reithallenspiegel-FOSKmirrors-2025-DE.pdf\">\ud83d\udce5 Unsere Brosch\u00fcre Reithallenspiegel 2025 herunterladen<\/a><\/strong><\/p>\n","protected":false},"featured_media":10275,"template":"","meta":[],"product_brand":[],"product_cat":[178,177],"product_tag":[215,214],"class_list":{"0":"post-10208","1":"product","2":"type-product","3":"status-publish","4":"has-post-thumbnail","6":"product_cat-fuer-innen","7":"product_cat-reithallenspiegel","8":"product_tag-easy-fix","9":"product_tag-selbstmontage-paket","10":"tm-no-options","12":"first","13":"instock","14":"taxable","15":"shipping-taxable","16":"purchasable","17":"product-type-simple"},"acf":[],"_links":{"self":[{"href":"https:\/\/foskmirrors.com\/de\/wp-json\/wp\/v2\/product\/10208","targetHints":{"allow":["GET"]}}],"collection":[{"href":"https:\/\/foskmirrors.com\/de\/wp-json\/wp\/v2\/product"}],"about":[{"href":"https:\/\/foskmirrors.com\/de\/wp-json\/wp\/v2\/types\/product"}],"version-history":[{"count":0,"href":"https:\/\/foskmirrors.com\/de\/wp-json\/wp\/v2\/product\/10208\/revisions"}],"wp:featuredmedia":[{"embeddable":true,"href":"https:\/\/foskmirrors.com\/de\/wp-json\/wp\/v2\/media\/10275"}],"wp:attachment":[{"href":"https:\/\/foskmirrors.com\/de\/wp-json\/wp\/v2\/media?parent=10208"}],"wp:term":[{"taxonomy":"product_brand","embeddable":true,"href":"https:\/\/foskmirrors.com\/de\/wp-json\/wp\/v2\/product_brand?post=10208"},{"taxonomy":"product_cat","embeddable":true,"href":"https:\/\/foskmirrors.com\/de\/wp-json\/wp\/v2\/product_cat?post=10208"},{"taxonomy":"product_tag","embeddable":true,"href":"https:\/\/foskmirrors.com\/de\/wp-json\/wp\/v2\/product_tag?post=10208"}],"curies":[{"name":"wp","href":"https:\/\/api.w.org\/{rel}","templated":true}]}}