{"id":10210,"date":"2025-03-05T16:10:18","date_gmt":"2025-03-05T15:10:18","guid":{"rendered":"https:\/\/foskmirrors.com\/de\/?post_type=product&#038;p=10210"},"modified":"2025-03-06T09:50:28","modified_gmt":"2025-03-06T08:50:28","slug":"reitplatzspiegel-aussen-mehrschichtig-295","status":"publish","type":"product","link":"https:\/\/foskmirrors.com\/de\/reitplatzspiegel-aussen-mehrschichtig-295\/","title":{"rendered":"Reitplatzspiegel f\u00fcr den Au\u00dfenbereich \u2013 Mehrschichtig 410"},"content":{"rendered":"<h2>Der sturmfeste Reitplatzspiegel f\u00fcr den Au\u00dfenbereich<\/h2>\n<p>Unser hochwertiger <strong>Reitplatzspiegel<\/strong> ist ein unverzichtbares Hilfsmittel, um Ihr Training auf das n\u00e4chste Level zu heben \u2013 egal, ob Sie ein professioneller Reiter, Ausbilder oder Pferdeliebhaber sind. Unser mehrschichtiger Hufschlag-Reitplatzspiegel f\u00fcr den Au\u00dfenbereich wurde mit besonderem Fokus auf <strong>Sicherheit und Sturmfestigkeit<\/strong> entwickelt.<\/p>\n<p>Dank unserer eigens entwickelten <strong>sturmfesten Konstruktion mit Bodenpfosten<\/strong> trotzt dieser Spiegel selbst den st\u00e4rksten St\u00fcrmen. Zudem kann der Spiegel schneller montiert werden als herk\u00f6mmliche Modelle \u2013 entweder durch Sie selbst oder mit Unterst\u00fctzung. Dies spart Zeit und reduziert die Kosten erheblich, sodass Sie sich schneller auf die Verbesserung Ihrer Reitf\u00e4higkeiten konzentrieren k\u00f6nnen.<\/p>\n<p>Suchen Sie einen Spiegel speziell f\u00fcr den Hufschlag? Dann empfehlen wir den <a href=\"https:\/\/foskmirrors.com\/de\/manegespiegel-voor-hoefslag-gelaagd-160-buiten\/\">mehrschichtigen 160er Reitplatzspiegel f\u00fcr den Hufschlag<\/a>.<\/p>\n<h2>Sicher und schnell zu montieren<\/h2>\n<p>Dieser <strong>Reitplatzspiegel f\u00fcr den Au\u00dfenbereich<\/strong> besteht aus einer doppelt laminierten Spiegeloberfl\u00e4che. Dadurch ist er besonders robust und sicher im Gebrauch. Die Spiegel sind in einem <strong>eloxierten Aluminiumprofil mit Gummidichtung<\/strong> montiert, was sie wartungsarm macht und eine lange Lebensdauer gew\u00e4hrleistet.<\/p>\n<p><strong>Sicherheit steht bei uns an erster Stelle.<\/strong> Sie k\u00f6nnen mit vollem Vertrauen trainieren, da Sie einen <strong>zuverl\u00e4ssigen und sicheren Spiegel<\/strong> besitzen, der f\u00fcr den intensiven Gebrauch entwickelt wurde.<\/p>\n<p>Bei <strong>Fosk Mirrors<\/strong> streben wir stets nach bester Qualit\u00e4t und einer kristallklaren Reflexion. Unsere <a href=\"https:\/\/foskmirrors.com\/de\/manegespiegels\/\">Reitplatzspiegel<\/a> sind so konzipiert, dass sie minimale Verzerrungen aufweisen. Dadurch erhalten Sie eine <strong>pr\u00e4zise und realistische Ansicht<\/strong> Ihrer Haltung und Bewegung w\u00e4hrend des Reitens. Dies hilft Ihnen, Ihre Technik zu verfeinern und gezielte Anpassungen f\u00fcr optimale Leistung vorzunehmen.<\/p>\n<p><a href=\"https:\/\/foskmirrors.com\/de\/wp-content\/uploads\/2023\/08\/Montageblad-buiten-manegespiegels-details.pdf\"><strong>Montageanleitung herunterladen<\/strong><\/a><\/p>\n<h3>Standardm\u00e4\u00dfig 3 Jahre Garantie<\/h3>\n<p>Wir sind stolz auf unsere Produkte und bieten Ihnen eine <strong>3-j\u00e4hrige Garantie<\/strong> auf unsere Reitplatzspiegel f\u00fcr den Au\u00dfenbereich. Dies gibt Ihnen zus\u00e4tzliche Sicherheit, in ein langlebiges und zuverl\u00e4ssiges Produkt zu investieren.<\/p>\n<p>Als f\u00fchrender Anbieter auf dem Markt liefern wir unsere Reitplatzspiegel direkt aus unserer eigenen Werkstatt an Kunden in ganz Europa. Egal, ob Sie in Deutschland, den Niederlanden, Belgien oder einem anderen europ\u00e4ischen Land sind \u2013 wir garantieren eine <strong>schnelle und zuverl\u00e4ssige Lieferung<\/strong>.<\/p>\n<h3>Warten Sie nicht l\u00e4nger!<\/h3>\n<p>Profitieren Sie von den zahlreichen Vorteilen. <strong>Verbessern Sie Ihre Reitf\u00e4higkeiten, steigern Sie Ihre Trainingseffizienz und erzielen Sie bessere Ergebnisse.<\/strong> W\u00e4hlen Sie <strong>Qualit\u00e4t \u2013 w\u00e4hlen Sie Fosk Mirrors!<\/strong><\/p>\n","protected":false},"excerpt":{"rendered":"<p>Ein h\u00f6herer Trainingserfolg mit unserem <strong>Reitplatzspiegel f\u00fcr den Au\u00dfenbereich<\/strong>. Mit einer <strong>sturmfesten Konstruktion<\/strong> und flexibel erweiterbar mit mehreren Modulen auf jede gew\u00fcnschte L\u00e4nge. Die <strong>mehrschichtige Spiegeloberfl\u00e4che (2x 3 mm)<\/strong> sorgt f\u00fcr zus\u00e4tzliche Sicherheit und minimale Verzerrung. <strong>Die beste Wahl f\u00fcr h\u00f6chste Anspr\u00fcche!<\/strong><\/p>\n<p><strong><a href=\"https:\/\/foskmirrors.com\/de\/wp-content\/uploads\/2025\/03\/Broschuere-Reithallenspiegel-FOSKmirrors-2025-DE.pdf\">\ud83d\udce5 Unsere Brosch\u00fcre Reithallenspiegel 2025 herunterladen<\/a><\/strong><\/p>\n<p>&nbsp;<\/p>\n","protected":false},"featured_media":10284,"template":"","meta":[],"product_brand":[],"product_cat":[179,177],"product_tag":[215,214],"class_list":{"0":"post-10210","1":"product","2":"type-product","3":"status-publish","4":"has-post-thumbnail","6":"product_cat-fuer-aussen","7":"product_cat-reithallenspiegel","8":"product_tag-easy-fix","9":"product_tag-selbstmontage-paket","10":"tm-no-options","12":"first","13":"instock","14":"taxable","15":"shipping-taxable","16":"purchasable","17":"product-type-simple"},"acf":[],"_links":{"self":[{"href":"https:\/\/foskmirrors.com\/de\/wp-json\/wp\/v2\/product\/10210","targetHints":{"allow":["GET"]}}],"collection":[{"href":"https:\/\/foskmirrors.com\/de\/wp-json\/wp\/v2\/product"}],"about":[{"href":"https:\/\/foskmirrors.com\/de\/wp-json\/wp\/v2\/types\/product"}],"version-history":[{"count":0,"href":"https:\/\/foskmirrors.com\/de\/wp-json\/wp\/v2\/product\/10210\/revisions"}],"wp:featuredmedia":[{"embeddable":true,"href":"https:\/\/foskmirrors.com\/de\/wp-json\/wp\/v2\/media\/10284"}],"wp:attachment":[{"href":"https:\/\/foskmirrors.com\/de\/wp-json\/wp\/v2\/media?parent=10210"}],"wp:term":[{"taxonomy":"product_brand","embeddable":true,"href":"https:\/\/foskmirrors.com\/de\/wp-json\/wp\/v2\/product_brand?post=10210"},{"taxonomy":"product_cat","embeddable":true,"href":"https:\/\/foskmirrors.com\/de\/wp-json\/wp\/v2\/product_cat?post=10210"},{"taxonomy":"product_tag","embeddable":true,"href":"https:\/\/foskmirrors.com\/de\/wp-json\/wp\/v2\/product_tag?post=10210"}],"curies":[{"name":"wp","href":"https:\/\/api.w.org\/{rel}","templated":true}]}}