{"id":11904,"date":"2024-04-17T07:50:31","date_gmt":"2024-04-17T06:50:31","guid":{"rendered":"https:\/\/foskmirrors.com\/de\/?post_type=product&#038;p=11904"},"modified":"2025-07-07T15:11:51","modified_gmt":"2025-07-07T14:11:51","slug":"fitness-spiegelwand-nach-mass-150-x-200-cm","status":"publish","type":"product","link":"https:\/\/foskmirrors.com\/de\/fitness-spiegelwand-nach-mass-150-x-200-cm\/","title":{"rendered":"Fitness Spiegelwand nach Ma\u00df (150 x 200 cm)"},"content":{"rendered":"<h2>Die beste individuelle Fitness-Spiegelwand f\u00fcr jeden Raum<\/h2>\n<p><strong>Suchen Sie eine Fitnessspiegelwand f\u00fcr Ihr Fitnessstudio oder einfach f\u00fcr zu Hause?<\/strong><br \/>\nBei Fosk Mirrors bieten wir Ihnen die M\u00f6glichkeit, einen Fitnessspiegel nach Ma\u00df anzufertigen und selbst zu montieren. So schaffen Sie ganz einfach und unkompliziert die perfekte Trainingsumgebung. Und Sie sparen nat\u00fcrlich auch die Montagekosten. Diese professionellen Spiegelw\u00e4nde werden auf Bestellung gefertigt und haben eine Gr\u00f6\u00dfe von 150 x 200 cm. Durch diese Breite gibt es weniger Unterbrechungen entlang der L\u00e4nge. Dadurch eignen sie sich hervorragend f\u00fcr Fitnessstudios oder Tanzs\u00e4le.<\/p>\n<p>Jeder Spiegel ist 6 mm dick und mit einer Sicherheitsfolie versehen. Die Kanten sind aus flachem Poly (PP) geschliffen und poliert, sodass Sie keine scharfen Kanten haben und sich nicht mehr verletzen k\u00f6nnen. Mithilfe der mitgelieferten Spiegelprofile (oben und unten) und eines speziellen Kits lassen sich die Spiegelw\u00e4nde einfach an der Wand befestigen. Sie erhalten au\u00dferdem eine einfache und \u00fcbersichtliche Anleitung, damit Sie schnell und einfach Ihren eigenen Trainingsraum gestalten k\u00f6nnen. Genau so, wie Sie ihn sich w\u00fcnschen.<\/p>\n<p>Wenn Sie Ihren Spiegel bestellen, erhalten Sie ihn innerhalb weniger Werktage direkt nach Hause. Wir komplettieren Ihren Fitnessraum mit einer individuell angefertigten Spiegelwand, die Sie selbst montieren.<\/p>\n<h3>Suchen Sie nach einem kleineren Fitnessspiegel?<\/h3>\n<p>F\u00fcr alle R\u00e4ume im Haus oder B\u00fcro bieten wir Spiegelwandteile mit kleineren Abmessungen an: 100 cm breit und 200 cm hoch. Dadurch ist der Spiegel handlicher als die Fitness-Spiegelw\u00e4nde f\u00fcr den professionellen Einsatz. So k\u00f6nnen Sie den Spiegel beispielsweise \u00fcber die Treppe oder in einem kleineren Raum platzieren. Lesen Sie mehr \u00fcber dieses Paket:\u00a0<a title=\"Spiegelwand selbst montieren\" href=\"https:\/\/foskmirrors.com\/de\/spiegelwand-selbst-montieren-100-x-200-cm\/\">Spiegelwand selbst montieren<\/a>\u00a0. Gegen einen Aufpreis k\u00f6nnen wir die Montage aber auch f\u00fcr Sie \u00fcbernehmen.\u00a0<a href=\"https:\/\/foskmirrors.com\/de\/kontakt\/\">Informieren Sie sich<\/a>\u00a0\u00fcber die M\u00f6glichkeiten.<\/p>\n<h3>Individualisierung m\u00f6glich<\/h3>\n<p>Jeder Raum ist einzigartig, genau wie Ihre Trainingsbed\u00fcrfnisse. Deshalb ist unser Fitnessspiegel in verschiedenen Gr\u00f6\u00dfen und Ausf\u00fchrungen erh\u00e4ltlich. Sie k\u00f6nnen mehrere Teile problemlos nebeneinander platzieren oder zu einer gr\u00f6\u00dferen Spiegelwand verbinden. So k\u00f6nnen Sie Ihren Fitnessspiegel ganz an den verf\u00fcgbaren Platz und Ihre individuellen W\u00fcnsche anpassen.<\/p>\n<h3>Eine sichere Wahl<\/h3>\n<p>Sicherheit steht bei FOSK Mirrors an erster Stelle. Deshalb sind alle unsere Fitnessspiegel auf der R\u00fcckseite mit einer speziellen Sicherheitsfolie versehen. Sollte das Glas unerwartet zerbrechen, h\u00e4lt diese Folie die Scheiben zusammen und verhindert so Gefahren. So sorgen wir f\u00fcr Sicherheit, w\u00e4hrend Sie unbeschwert in einer professionellen und sicheren Umgebung trainieren k\u00f6nnen.<\/p>\n","protected":false},"excerpt":{"rendered":"<h2>Fitness-Spiegelwand f\u00fcr den professionellen Einsatz<\/h2>\n<p>Die Fitness-Spiegelw\u00e4nde k\u00f6nnen Sie selbst zusammenbauen und bestehen aus 150 cm breiten und 200 cm hohen Teilen. Zur Sicherheit sind diese mit einer zus\u00e4tzlichen Sicherheitsfolie versehen. F\u00fcr die Spiegel verwenden wir ausschlie\u00dflich 6 mm starkes Klarglas. Die Kanten sind flach geschliffen und poliert, sodass keine scharfen Kanten mehr entstehen. Alle Spiegel werden in unserer eigenen Produktion auf Bestellung gefertigt.<br \/>\nM\u00f6chten Sie, dass wir den Spiegel bei Ihnen montieren oder einen zentimetergenauen Spiegel? Auch das ist m\u00f6glich. <a href=\"https:\/\/foskmirrors.com\/de\/kontakt\/\">Kontaktieren<\/a>\u00a0Sie uns unverbindlich.<\/p>\n<h3>W\u00e4hlen Sie das Format<\/h3>\n","protected":false},"featured_media":12456,"template":"","meta":[],"product_brand":[],"product_cat":[199,176,201,202,212],"product_tag":[214],"class_list":{"0":"post-11904","1":"product","2":"type-product","3":"status-publish","4":"has-post-thumbnail","6":"product_cat-alle-spiegel","7":"product_cat-fitnessspiegel","8":"product_cat-interieurspiegel","9":"product_cat-spiegel-nach-mass","10":"product_cat-spiegelwand","11":"product_tag-selbstmontage-paket","12":"tm-no-options","14":"first","15":"instock","16":"taxable","17":"shipping-taxable","18":"purchasable","19":"product-type-variable"},"acf":[],"_links":{"self":[{"href":"https:\/\/foskmirrors.com\/de\/wp-json\/wp\/v2\/product\/11904","targetHints":{"allow":["GET"]}}],"collection":[{"href":"https:\/\/foskmirrors.com\/de\/wp-json\/wp\/v2\/product"}],"about":[{"href":"https:\/\/foskmirrors.com\/de\/wp-json\/wp\/v2\/types\/product"}],"version-history":[{"count":0,"href":"https:\/\/foskmirrors.com\/de\/wp-json\/wp\/v2\/product\/11904\/revisions"}],"wp:featuredmedia":[{"embeddable":true,"href":"https:\/\/foskmirrors.com\/de\/wp-json\/wp\/v2\/media\/12456"}],"wp:attachment":[{"href":"https:\/\/foskmirrors.com\/de\/wp-json\/wp\/v2\/media?parent=11904"}],"wp:term":[{"taxonomy":"product_brand","embeddable":true,"href":"https:\/\/foskmirrors.com\/de\/wp-json\/wp\/v2\/product_brand?post=11904"},{"taxonomy":"product_cat","embeddable":true,"href":"https:\/\/foskmirrors.com\/de\/wp-json\/wp\/v2\/product_cat?post=11904"},{"taxonomy":"product_tag","embeddable":true,"href":"https:\/\/foskmirrors.com\/de\/wp-json\/wp\/v2\/product_tag?post=11904"}],"curies":[{"name":"wp","href":"https:\/\/api.w.org\/{rel}","templated":true}]}}