{"id":11912,"date":"2024-04-17T07:50:37","date_gmt":"2024-04-17T06:50:37","guid":{"rendered":"https:\/\/foskmirrors.com\/de\/?post_type=product&#038;p=11912"},"modified":"2025-07-07T15:41:43","modified_gmt":"2025-07-07T14:41:43","slug":"spiegelwand-selbst-montieren-100-x-200-cm","status":"publish","type":"product","link":"https:\/\/foskmirrors.com\/de\/spiegelwand-selbst-montieren-100-x-200-cm\/","title":{"rendered":"Spiegelwand selbst montieren (100 x 200 cm)"},"content":{"rendered":"<h2><span>Eine Spiegelwand f\u00fcr Ihr Zuhause oder B\u00fcro<\/span><\/h2>\n<p><span>Suchen Sie eine Spiegelwand f\u00fcr Ihr Zuhause oder B\u00fcro? Dann ist dieses Paket ideal f\u00fcr Sie. Aufgrund seiner kompakten Gr\u00f6\u00dfe eignet es sich perfekt f\u00fcr verschiedene Anwendungen; in Ihrem Fitnessstudio oder Tanzraum oder als ger\u00e4umiger passender Spiegel in Ihrem Schlafzimmer. Wenn Sie den Platz haben, k\u00f6nnen Sie sich f\u00fcr eine gr\u00f6\u00dfere\u00a0<\/span><a title=\"benutzerdefinierte Fitness-Spiegelwand\" href=\"https:\/\/foskmirrors.com\/fitness-spiegelwand-op-maat\/\"><span>Fitness-Spiegelwand<\/span><\/a><span>\u00a0entscheiden . Wir haben Standardspiegelteile von 1,00 x 2,00 Metern auf Lager, sodass diese sofort verf\u00fcgbar sind. Diese Spiegel sind einfacher zu handhaben als die Spiegel f\u00fcr den professionellen Einsatz, die eine Gr\u00f6\u00dfe von 150 x 200 cm haben. Dadurch l\u00e4sst sich der Spiegel einfach aufstellen, zum Beispiel \u00fcber die Treppe oder durch einen kleineren Raum.<\/span><br \/>\n<span>Unsere Spiegel haben eine St\u00e4rke von 6 mm, sind rundum polygeschliffen und mit einer Sicherheitsfolie versehen. Beim Schneiden eines Spiegels entstehen scharfe Kanten, die anschlie\u00dfend geschliffen und poliert werden. Bei diesem Vorgang wird die dicke Seite des Spiegels bearbeitet, sodass sie gl\u00e4nzt und nicht mehr scharf ist. Zwei kleine Kanten werden in einem Winkel von 45 Grad geschliffen, um scharfe Kanten zu entfernen. Dieser Prozess umfasst drei Phasen: Grobschliff, Feinschliff und Polieren. Die Spiegelw\u00e4nde k\u00f6nnen Sie mithilfe von Spiegelprofilen und einem Spezialset selbst montieren. Dieses Set im Wert von 89 Euro pro Spiegelteil ist vor\u00fcbergehend kostenlos im Lieferumfang enthalten.<\/span><\/p>\n<p><span>Bei FOSK Mirrors k\u00f6nnen Sie Ihren Wunschspiegel selbst zusammenstellen. Geben Sie einfach Ma\u00dfe, Farbe und Ausf\u00fchrung an und erhalten Sie sofort ein attraktives Angebot. Bestellen Sie den Spiegel und er wird innerhalb weniger Werktage geliefert.<\/span><\/p>\n<h3><span>Sie suchen eine breitere Spiegelwand f\u00fcr einen gro\u00dfen Raum?<\/span><\/h3>\n<p><span>Ein breiterer Spiegel sorgt f\u00fcr weniger Unterbrechungen und eignet sich hervorragend f\u00fcr gr\u00f6\u00dfere R\u00e4ume, wie Fitnessstudios oder Fitnessr\u00e4ume. Diese Spiegelwandteile haben die Gr\u00f6\u00dfe 150 x 200 cm und sind als\u00a0<\/span><a title=\"Individuelle Fitness-Spiegelwand\" href=\"https:\/\/foskmirrors.com\/fitness-spiegelwand-op-maat\/\" rel=\"nofollow\"><span>Fitness-Spiegelwand<\/span><\/a><span>\u00a0erh\u00e4ltlich . Auf Wunsch montieren wir sie gegen Aufpreis auch f\u00fcr Sie.\u00a0<\/span><a href=\"https:\/\/foskmirrors.com\/de\/kontakt\/\"><span>Informieren Sie sich<\/span><\/a><span>\u00a0\u00fcber die M\u00f6glichkeiten.<\/span><\/p>\n","protected":false},"excerpt":{"rendered":"<h2>Installieren Sie Ihre eigene Spiegelwand<\/h2>\n<p>Ideal f\u00fcr den Heimgebrauch oder kleinere R\u00e4ume haben wir diese kleineren Spiegelw\u00e4nde in unserem Sortiment. Dank der Gr\u00f6\u00dfe von 100 x 200 cm k\u00f6nnen Sie sie problemlos selbst bewegen, zum Beispiel \u00fcber die Treppe oder durch einen kleineren Raum. Diese Spiegel bestehen aus hochklarem Glas und sind mit einer Sicherheitsfolie versehen. Das Glas ist 6 mm dick und die Kanten sind flach geschliffen und poliert, sodass keine scharfen Kanten mehr vorhanden sind.<\/p>\n<p>M\u00f6chten Sie den Spiegel lieber von uns montieren lassen oder einen genau auf Ma\u00df gefertigten Spiegel? Das ist m\u00f6glich. Nehmen Sie dann unverbindlich Kontakt mit uns auf .<\/p>\n<h3>W\u00e4hlen Sie das Format<\/h3>\n","protected":false},"featured_media":11952,"template":"","meta":[],"product_brand":[],"product_cat":[199,201,202,212],"product_tag":[214],"class_list":{"0":"post-11912","1":"product","2":"type-product","3":"status-publish","4":"has-post-thumbnail","6":"product_cat-alle-spiegel","7":"product_cat-interieurspiegel","8":"product_cat-spiegel-nach-mass","9":"product_cat-spiegelwand","10":"product_tag-selbstmontage-paket","11":"tm-no-options","13":"first","14":"instock","15":"taxable","16":"shipping-taxable","17":"purchasable","18":"product-type-variable"},"acf":[],"_links":{"self":[{"href":"https:\/\/foskmirrors.com\/de\/wp-json\/wp\/v2\/product\/11912","targetHints":{"allow":["GET"]}}],"collection":[{"href":"https:\/\/foskmirrors.com\/de\/wp-json\/wp\/v2\/product"}],"about":[{"href":"https:\/\/foskmirrors.com\/de\/wp-json\/wp\/v2\/types\/product"}],"version-history":[{"count":0,"href":"https:\/\/foskmirrors.com\/de\/wp-json\/wp\/v2\/product\/11912\/revisions"}],"wp:featuredmedia":[{"embeddable":true,"href":"https:\/\/foskmirrors.com\/de\/wp-json\/wp\/v2\/media\/11952"}],"wp:attachment":[{"href":"https:\/\/foskmirrors.com\/de\/wp-json\/wp\/v2\/media?parent=11912"}],"wp:term":[{"taxonomy":"product_brand","embeddable":true,"href":"https:\/\/foskmirrors.com\/de\/wp-json\/wp\/v2\/product_brand?post=11912"},{"taxonomy":"product_cat","embeddable":true,"href":"https:\/\/foskmirrors.com\/de\/wp-json\/wp\/v2\/product_cat?post=11912"},{"taxonomy":"product_tag","embeddable":true,"href":"https:\/\/foskmirrors.com\/de\/wp-json\/wp\/v2\/product_tag?post=11912"}],"curies":[{"name":"wp","href":"https:\/\/api.w.org\/{rel}","templated":true}]}}