{"id":11974,"date":"2024-04-17T07:51:36","date_gmt":"2024-04-17T06:51:36","guid":{"rendered":"https:\/\/foskmirrors.com\/de\/?post_type=product&#038;p=11974"},"modified":"2025-07-07T14:58:23","modified_gmt":"2025-07-07T13:58:23","slug":"runder-spiegel-mit-schwarzer-stahlkante-120-cm","status":"publish","type":"product","link":"https:\/\/foskmirrors.com\/de\/runder-spiegel-mit-schwarzer-stahlkante-120-cm\/","title":{"rendered":"Runder Spiegel mit schwarzer Stahlkante \u2013 120 cm"},"content":{"rendered":"<p>Suchen Sie einen Spiegel mit schwarzer Stahlkante? Dieser runde Spiegel eignet sich f\u00fcr jeden Raum: an der Wand im Flur, \u00fcber dem Waschbecken in der Toilette und sogar im Badezimmer. Ein Spiegel ist eine sch\u00f6ne Erg\u00e4nzung, die einen Raum heller und gr\u00f6\u00dfer erscheinen l\u00e4sst. Au\u00dferdem k\u00f6nnen Sie sich schnell selbst betrachten, bevor Sie das Haus verlassen. Haben Sie eine kahle Wand oder eine dunkle Ecke? Der richtige Spiegel bringt Licht, Glanz und Atmosph\u00e4re in jeden Raum.<\/p>\n<p>Bei FOSK Mirrors k\u00f6nnen Sie Ihren Wunschspiegel selbst gestalten. Geben Sie einfach Ma\u00dfe, Farbe und Ausf\u00fchrung an und erhalten Sie sofort ein attraktives Angebot. Bestellen Sie den Spiegel und erhalten Sie ihn innerhalb von zwei Werktagen. W\u00fcnschen Sie einen individuellen Spiegel? Dann k\u00f6nnen Sie auch Optionen wie Facettenschliff, Gehrungsschnitt oder eine sch\u00f6ne Gravur w\u00e4hlen.<\/p>\n","protected":false},"excerpt":{"rendered":"<p>Suchen Sie einen Spiegel mit schwarzer Stahlkante? Dieser runde Spiegel eignet sich f\u00fcr jeden Raum: an der Wand im Flur, \u00fcber dem Waschbecken in der Toilette und sogar im Badezimmer.<\/p>\n","protected":false},"featured_media":11984,"template":"","meta":[],"product_brand":[],"product_cat":[199,201,202],"product_tag":[],"class_list":{"0":"post-11974","1":"product","2":"type-product","3":"status-publish","4":"has-post-thumbnail","6":"product_cat-alle-spiegel","7":"product_cat-interieurspiegel","8":"product_cat-spiegel-nach-mass","9":"tm-no-options","11":"first","12":"instock","13":"sale","14":"taxable","15":"shipping-taxable","16":"purchasable","17":"product-type-simple"},"acf":[],"_links":{"self":[{"href":"https:\/\/foskmirrors.com\/de\/wp-json\/wp\/v2\/product\/11974","targetHints":{"allow":["GET"]}}],"collection":[{"href":"https:\/\/foskmirrors.com\/de\/wp-json\/wp\/v2\/product"}],"about":[{"href":"https:\/\/foskmirrors.com\/de\/wp-json\/wp\/v2\/types\/product"}],"version-history":[{"count":0,"href":"https:\/\/foskmirrors.com\/de\/wp-json\/wp\/v2\/product\/11974\/revisions"}],"wp:featuredmedia":[{"embeddable":true,"href":"https:\/\/foskmirrors.com\/de\/wp-json\/wp\/v2\/media\/11984"}],"wp:attachment":[{"href":"https:\/\/foskmirrors.com\/de\/wp-json\/wp\/v2\/media?parent=11974"}],"wp:term":[{"taxonomy":"product_brand","embeddable":true,"href":"https:\/\/foskmirrors.com\/de\/wp-json\/wp\/v2\/product_brand?post=11974"},{"taxonomy":"product_cat","embeddable":true,"href":"https:\/\/foskmirrors.com\/de\/wp-json\/wp\/v2\/product_cat?post=11974"},{"taxonomy":"product_tag","embeddable":true,"href":"https:\/\/foskmirrors.com\/de\/wp-json\/wp\/v2\/product_tag?post=11974"}],"curies":[{"name":"wp","href":"https:\/\/api.w.org\/{rel}","templated":true}]}}