{"id":12666,"date":"2024-06-19T08:34:59","date_gmt":"2024-06-19T07:34:59","guid":{"rendered":"https:\/\/foskmirrors.com\/de\/?post_type=product&#038;p=12666"},"modified":"2025-11-20T10:28:07","modified_gmt":"2025-11-20T09:28:07","slug":"klappbarer-mobiler-spiegel-weiss-255-m","status":"publish","type":"product","link":"https:\/\/foskmirrors.com\/de\/klappbarer-mobiler-spiegel-weiss-255-m\/","title":{"rendered":"Klappbarer mobiler Spiegel wei\u00df \u2013 2,55 m"},"content":{"rendered":"<p><span>W\u00fcnschen Sie sich einen praktischen Mobilspiegel mit gro\u00dfer Spiegelfl\u00e4che? Dann ist dieser Mobilspiegel genau das Richtige f\u00fcr Sie. Er ist die kleinste unserer Klappspiegel. Er verf\u00fcgt \u00fcber eine Seitent\u00fcr und ist im ausgeklappten Zustand 2,55 Meter breit und 1,93 Meter hoch. Die Gesamtfl\u00e4che betr\u00e4gt damit ca. 4,3 m\u00b2. Das entspricht der Spiegelfl\u00e4che des gr\u00f6\u00dften Mobilspiegels ohne Seitent\u00fcren.<\/span><\/p>\n<h3><span>Einfach zu verwenden<\/span><\/h3>\n<p><span>Dank der klappbaren Seitent\u00fcr, den leichtg\u00e4ngigen Lenkrollen und der hohen Bodenfreiheit l\u00e4sst er sich m\u00fchelos von Ort zu Ort rollen. Dort angekommen, l\u00e4sst er sich dank der beiden Bremsen und des ausziehbaren Standbeins unter der Seitent\u00fcr sicher abstellen. Und wenn Sie ihn verstauen m\u00f6chten, lassen sich dank der durchdachten Konstruktion mehrere Exemplare problemlos zusammenschieben, sodass sie nur wenig Platz beanspruchen.<\/span><\/p>\n<h3><span>Ideal f\u00fcr wechselnde Standorte<\/span><\/h3>\n<p><span>All dies zusammen macht diesen Spiegel sehr gut geeignet f\u00fcr den tempor\u00e4ren Einsatz an wechselnden Standorten, wie zum Beispiel f\u00fcr eine Produktpr\u00e4sentation auf einer Messe oder als Best\u00fcckungsspiegel in einem Pop-up-Store. Auch f\u00fcr (Tanz-)Sport und Physiotherapie ist dieser Spiegel sehr gut geeignet.<\/span><\/p>\n<p><span>Die mobilen Spiegel von FOSK: au\u00dfergew\u00f6hnlich flexibel, mobil und sicher in der Anwendung.<\/span><br \/>\n<a title=\"Laden Sie das Datenblatt zu mobilen Spiegeln herunter\" href=\"https:\/\/foskmirrors.com\/wp-content\/uploads\/2024\/06\/datasheet-verrijdbarespiegel-255cm-inklapbaar.pdf\" target=\"_blank\" rel=\"noopener\"><span>Datenblatt herunterladen<\/span><\/a><\/p>\n","protected":false},"excerpt":{"rendered":"<p>Mit diesem kleinen mobilen Spiegel haben Sie \u00fcberall eine gro\u00dfz\u00fcgige Spiegelwand. Und die seitliche Klappt\u00fcr macht die Nutzung bequem.<\/p>\n","protected":false},"featured_media":12672,"template":"","meta":[],"product_brand":[],"product_cat":[199,124],"product_tag":[],"class_list":{"0":"post-12666","1":"product","2":"type-product","3":"status-publish","4":"has-post-thumbnail","6":"product_cat-alle-spiegel","7":"product_cat-mobile-spiegel","8":"tm-no-options","10":"first","11":"instock","12":"taxable","13":"shipping-taxable","14":"purchasable","15":"product-type-simple"},"acf":[],"_links":{"self":[{"href":"https:\/\/foskmirrors.com\/de\/wp-json\/wp\/v2\/product\/12666","targetHints":{"allow":["GET"]}}],"collection":[{"href":"https:\/\/foskmirrors.com\/de\/wp-json\/wp\/v2\/product"}],"about":[{"href":"https:\/\/foskmirrors.com\/de\/wp-json\/wp\/v2\/types\/product"}],"version-history":[{"count":0,"href":"https:\/\/foskmirrors.com\/de\/wp-json\/wp\/v2\/product\/12666\/revisions"}],"wp:featuredmedia":[{"embeddable":true,"href":"https:\/\/foskmirrors.com\/de\/wp-json\/wp\/v2\/media\/12672"}],"wp:attachment":[{"href":"https:\/\/foskmirrors.com\/de\/wp-json\/wp\/v2\/media?parent=12666"}],"wp:term":[{"taxonomy":"product_brand","embeddable":true,"href":"https:\/\/foskmirrors.com\/de\/wp-json\/wp\/v2\/product_brand?post=12666"},{"taxonomy":"product_cat","embeddable":true,"href":"https:\/\/foskmirrors.com\/de\/wp-json\/wp\/v2\/product_cat?post=12666"},{"taxonomy":"product_tag","embeddable":true,"href":"https:\/\/foskmirrors.com\/de\/wp-json\/wp\/v2\/product_tag?post=12666"}],"curies":[{"name":"wp","href":"https:\/\/api.w.org\/{rel}","templated":true}]}}