{"id":13706,"date":"2025-01-08T16:44:43","date_gmt":"2025-01-08T15:44:43","guid":{"rendered":"https:\/\/foskmirrors.com\/de\/?post_type=product&#038;p=13706"},"modified":"2025-07-07T15:33:13","modified_gmt":"2025-07-07T14:33:13","slug":"indoor-tanzspiegelwand","status":"publish","type":"product","link":"https:\/\/foskmirrors.com\/de\/indoor-tanzspiegelwand\/","title":{"rendered":"Indoor-Tanzspiegelwand"},"content":{"rendered":"<p><span>M\u00f6chten Sie in einem professionellen Tanzstudio trainieren? Dann ist dieser Tanzspiegel eine ausgezeichnete Wahl. Er ist f\u00fcr intensiven Gebrauch konzipiert und bietet ein scharfes und naturgetreues Spiegelbild. So k\u00f6nnen Sie Ihre Tanzschritte, Ihre Haltung und Ihre Technik pr\u00e4zise kontrollieren und anpassen. Ob Ballett, Hip-Hop, Modern Dance oder ein anderer Tanzstil: Mit dem FOSK Tanzspiegel holen Sie das Beste aus Ihrem Training und sich selbst heraus.<\/span><\/p>\n<h3><span>Individualisierung m\u00f6glich<\/span><\/h3>\n<p><span>Jede Tanzschule und jedes Tanzstudio ist einzigartig. Deshalb ist unser Tanzspiegel in verschiedenen Gr\u00f6\u00dfen und Ausf\u00fchrungen erh\u00e4ltlich. Um eine gr\u00f6\u00dfere Spiegelwand zu gestalten, k\u00f6nnen Sie mehrere Teile einfach nebeneinander platzieren oder miteinander verbinden. So k\u00f6nnen Sie Gr\u00f6\u00dfe und Anordnung Ihres Tanzspiegels ganz an den verf\u00fcgbaren Platz und Ihre pers\u00f6nlichen W\u00fcnsche anpassen.<\/span><\/p>\n<h3><span>Sicherheit<\/span><\/h3>\n<p><span>Sicherheit steht bei FOSK Mirrors an erster Stelle. Deshalb sind alle unsere Tanzspiegel auf der R\u00fcckseite mit einer speziellen Sicherheitsfolie versehen. Sollte das Glas unerwartet zerbrechen, h\u00e4lt diese Folie die Scheiben zusammen und verhindert so gef\u00e4hrliche Situationen. So sorgen wir f\u00fcr Sicherheit, w\u00e4hrend Sie unbeschwert Ihre Choreografie \u00fcben oder unterrichten k\u00f6nnen.<\/span><\/p>\n","protected":false},"excerpt":{"rendered":"<p>Dieser Tanzspiegel ist die perfekte Basis f\u00fcr jedes Tanzstudio, Theater oder Home-Gym und erm\u00f6glicht Ihnen unbeschwertes und konzentriertes Trainieren und Proben. <\/p>\n","protected":false},"featured_media":13717,"template":"","meta":[],"product_brand":[],"product_cat":[212,199],"product_tag":[],"class_list":{"0":"post-13706","1":"product","2":"type-product","3":"status-publish","4":"has-post-thumbnail","6":"product_cat-spiegelwand","7":"product_cat-alle-spiegel","8":"tm-no-options","10":"first","11":"outofstock","12":"taxable","13":"shipping-taxable","14":"product-type-simple"},"acf":[],"_links":{"self":[{"href":"https:\/\/foskmirrors.com\/de\/wp-json\/wp\/v2\/product\/13706","targetHints":{"allow":["GET"]}}],"collection":[{"href":"https:\/\/foskmirrors.com\/de\/wp-json\/wp\/v2\/product"}],"about":[{"href":"https:\/\/foskmirrors.com\/de\/wp-json\/wp\/v2\/types\/product"}],"version-history":[{"count":0,"href":"https:\/\/foskmirrors.com\/de\/wp-json\/wp\/v2\/product\/13706\/revisions"}],"wp:featuredmedia":[{"embeddable":true,"href":"https:\/\/foskmirrors.com\/de\/wp-json\/wp\/v2\/media\/13717"}],"wp:attachment":[{"href":"https:\/\/foskmirrors.com\/de\/wp-json\/wp\/v2\/media?parent=13706"}],"wp:term":[{"taxonomy":"product_brand","embeddable":true,"href":"https:\/\/foskmirrors.com\/de\/wp-json\/wp\/v2\/product_brand?post=13706"},{"taxonomy":"product_cat","embeddable":true,"href":"https:\/\/foskmirrors.com\/de\/wp-json\/wp\/v2\/product_cat?post=13706"},{"taxonomy":"product_tag","embeddable":true,"href":"https:\/\/foskmirrors.com\/de\/wp-json\/wp\/v2\/product_tag?post=13706"}],"curies":[{"name":"wp","href":"https:\/\/api.w.org\/{rel}","templated":true}]}}